{"id":10194,"date":"2023-07-10T10:32:00","date_gmt":"2023-07-10T10:32:00","guid":{"rendered":"https:\/\/bus-gbr.de\/?page_id=10194"},"modified":"2026-04-07T02:20:32","modified_gmt":"2026-04-07T01:20:32","slug":"brandschutz","status":"publish","type":"page","link":"https:\/\/www.beratungundschulung.com\/en\/brandschutz\/","title":{"rendered":"Brandschutz"},"content":{"rendered":"<div class=\"brz brz-root__container brz-reset-all brz-root__container-page\">\n<section id=\"302a75f21594948b3fe8_pnInGKBSHjtI\" class=\"brz-section brz-css-16meo0f brz-css-17goiz8\">\n<div class=\"brz-section__content brz-section--boxed brz-css-1xi5s4h brz-css-1y8fkxv\" data-brz-custom-id=\"uiX5FpZCqv3V\">\n<div class=\"brz-bg\">\n<div class=\"brz-bg-color\"><\/div>\n<\/div>\n<div class=\"brz-container brz-css-pj3ezm brz-css-1w11qfo\">\n<div id=\"\" class=\"brz-css-ykepn0 brz-css-1t534y9 brz-wrapper\">\n<div class=\"brz-rich-text brz-rich-text__custom brz-css-1qo49e3 brz-css-1mf13y5\" data-brz-custom-id=\"xPLVOh2WLn9s\">\n<div data-brz-translate-text=\"1\">\n<h1 class=\"brz-tp-lg-heading1 brz-text-lg-center brz-css-y6feP\" data-generated-css=\"brz-css-gaTTN\" data-uniq-id=\"p5JWw\"><span class=\"brz-cp-color8\">Von A bis Z \u2013 Brandschutz f\u00fcr Unternehmen<\/span><\/h1>\n<\/div>\n<\/div>\n<\/div>\n<\/div>\n<\/div>\n<\/section>\n<section id=\"86e749cba8631133fd0e_iVHY1QI4PMDd\" class=\"brz-section brz-css-1mz8drz brz-css-1heflio\">\n<div class=\"brz-section__content brz-section--boxed brz-css-bpab04 brz-css-1rakw2b\" data-brz-custom-id=\"oMmMbszDOYtB\">\n<div class=\"brz-bg\">\n<div class=\"brz-bg-color\"><\/div>\n<\/div>\n<div class=\"brz-container brz-css-p8pw0s brz-css-4gwbc9\">\n<div class=\"brz-row__container brz-css-1u6w3vr brz-css-g9g3ag\" data-brz-custom-id=\"sAmUoUigCVzC\">\n<div class=\"brz-row brz-css-1qmby5d brz-css-gpl0n5 brz-css-j94box\">\n<div class=\"brz-columns brz-css-1o1j25t brz-css-1766sh3\" data-brz-custom-id=\"vqmEDmTcIMHl\">\n<div class=\"brz-column__items brz-css-l1o0lp brz-css-1om6xpr\">\n<div id=\"\" class=\"brz-css-2e6g8v brz-css-1nabhg7 brz-wrapper\">\n<div class=\"brz-image brz-css-1jc1vrg brz-css-1eoa4zz\" data-brz-custom-id=\"uJdhX2WDwJqR\"><img decoding=\"async\" class=\"brz-img\" src=\"https:\/\/www.beratungundschulung.com\/wp-content\/uploads\/2021\/11\/feuer-der-heissen-flamme-und-gruenes-notausgangzeichen-haengen-an-der-decke-im-buero-nachts.jpg\" alt=\"\" title=\"feuer-der-heissen-flamme-und-gruenes-notausgangzeichen-haengen-an-der-decke-im-buero-nachts\" loading=\"lazy\"><\/div>\n<\/div>\n<\/div>\n<\/div>\n<div class=\"brz-columns brz-css-1o1j25t brz-css-1fzoux5\" data-brz-custom-id=\"g77QDEiBB4l1\">\n<div data-motion-scroll-vertical=\"%7B%22scrollStep%22%3A5%2C%22direction%22%3A%22down%22%2C%22viewport%22%3A%7B%22top%22%3A23%2C%22bottom%22%3A100%7D%7D\" data-motion-responsive=\"%5B%7B%22breakpoint%22%3A991%2C%22settings%22%3A%7B%22scroll%22%3A%5B%7B%22type%22%3A%22vertical%22%2C%22direction%22%3A%22down%22%2C%22scrollStep%22%3A5%2C%22viewport%22%3A%7B%22top%22%3A12%2C%22bottom%22%3A100%7D%7D%5D%7D%7D%2C%7B%22breakpoint%22%3A767%2C%22settings%22%3A%7B%7D%7D%5D\" class=\"brz-columns__scroll-effect brz-motion--effects\">\n<div class=\"brz-bg\">\n<div class=\"brz-bg-color\"><\/div>\n<\/div>\n<div class=\"brz-column__items brz-css-l1o0lp brz-css-ga5th2\">\n<div id=\"\" class=\"brz-css-2e6g8v brz-css-v1f4id brz-wrapper\">\n<div class=\"brz-rich-text brz-rich-text__custom brz-css-lbzbe9 brz-css-s00y7t\" data-brz-custom-id=\"ePowt5QG3yVP\">\n<div data-brz-translate-text=\"1\">\n<h2 class=\"brz-tp-lg-heading4 brz-css-rxfTQ\" data-generated-css=\"brz-css-qJYAK\" data-uniq-id=\"lG6y0\"><span class=\"brz-cp-color2\">Unsere Leistungen im \u00dcberblick:<\/span><\/h2>\n<\/div>\n<\/div>\n<\/div>\n<div id=\"\" class=\"brz-css-2e6g8v brz-css-19rzzn1 brz-wrapper\">\n<div class=\"brz-rich-text brz-rich-text__custom brz-css-lbzbe9 brz-css-1mjsbd6\" data-brz-custom-id=\"vZaTNBzsXiYO\">\n<div data-brz-translate-text=\"1\">\n<ol>\n<li class=\"brz-tp-lg-paragraph brz-bcp-color2 brz-css-aqOG7\" data-uniq-id=\"kT7zF\" data-generated-css=\"brz-css-wCfOm\"><span class=\"brz-cp-color2\">Gestellung eines Brandschutzbeauftragten<\/span><\/li>\n<li class=\"brz-tp-lg-paragraph brz-bcp-color2 brz-css-rjBWe\" data-uniq-id=\"k_hZQ\" data-generated-css=\"brz-css-ujIEF\"><span class=\"brz-cp-color2\">Beratung im baulichen, anlagentechnischen und organisatorischen Brandschutz<\/span><\/li>\n<li class=\"brz-tp-lg-paragraph brz-bcp-color2 brz-css-np8dl\" data-uniq-id=\"wRwfh\" data-generated-css=\"brz-css-n0SbF\"><span class=\"brz-cp-color2\">\u00dcberwachung und Dokumentation von L\u00f6scheinrichtungen<\/span><\/li>\n<li class=\"brz-tp-lg-paragraph brz-bcp-color2 brz-css-dK9An\" data-uniq-id=\"dGNzd\" data-generated-css=\"brz-css-q8Hjp\"><span class=\"brz-cp-color2\">\u00dcberwachung und Dokumentation von Elektroger\u00e4ten nach der DGUV Vorschrift 3 (allg. auch E-Check genannt)<\/span><\/li>\n<li class=\"brz-tp-lg-paragraph brz-bcp-color2 brz-css-xS3w4\" data-uniq-id=\"dz99I\" data-generated-css=\"brz-css-ox74P\"><span class=\"brz-cp-color2\">Ausbildung von Brandschutz- und Evakuierungshelfern, theoretisch und praktisch mit unserem Feuerl\u00f6sch-\u00dcbger\u00e4t \u201eKriBa\u201c<\/span><\/li>\n<\/ol>\n<\/div>\n<\/div>\n<\/div>\n<div id=\"\" class=\"brz-css-2e6g8v brz-css-1ge1a7l brz-wrapper\">\n<div class=\"brz-rich-text brz-rich-text__custom brz-css-lbzbe9 brz-css-1m5f72x\" data-brz-custom-id=\"oKoRU7JledjF\">\n<div data-brz-translate-text=\"1\">\n<p class=\"brz-fsft-lg-0 brz-fwdth-lg-100 brz-vfw-lg-400 brz-lh-lg-1_9 brz-ls-lg-0 brz-fw-lg-400 brz-fss-lg-px brz-fs-lg-16 brz-ft-google brz-ff-lato brz-tp-lg-empty brz-css-zXPvm\" data-uniq-id=\"hK_SC\" data-generated-css=\"brz-css-h5PoP\"><em class=\"brz-italic-true brz-cp-color2\">Lassen Sie sich fachkundig und brandschutztechnisch von uns beraten und betreuen.<\/em><\/p>\n<\/div>\n<\/div>\n<\/div>\n<\/div>\n<\/div>\n<\/div>\n<\/div>\n<\/div>\n<div class=\"brz-wrapper-clone brz-flex-xs-wrap brz-css-1il2b8o brz-css-vao2l8\" data-brz-custom-id=\"kxfp4TecRfdS\"><a class=\"brz-a brz-btn brz-css-1lb1zsr brz-css-1n9h9fe brz-css-1g38160 brz-css-10p7n1e\" href=\"https:\/\/www.beratungundschulung.com\/en\/kontakt\/\" target=\"_self\" rel=\"noopener\" data-brz-link-type=\"external\" data-brz-custom-id=\"uzqohc45nNRD\"><span data-brz-translate-text=\"1\" class=\"brz-span brz-text__editor\">Kostenloses Erstgespr\u00e4ch vereinbaren<\/span><\/a><\/div>\n<div id=\"\" class=\"brz-css-2e6g8v brz-css-114qo1b brz-wrapper\">\n<div class=\"brz-rich-text brz-rich-text__custom brz-css-lbzbe9 brz-css-1wrmolj\" data-brz-custom-id=\"bpPcrcxpkA68\">\n<div data-brz-translate-text=\"1\">\n<p class=\"ql-align-center brz-text-lg-center brz-fss-lg-px brz-fw-lg-400 brz-ls-lg-0 brz-lh-lg-1_9 brz-vfw-lg-400 brz-fwdth-lg-100 brz-fsft-lg-0 brz-tp-lg-empty brz-ff-lato brz-ft-google brz-fs-lg-17 brz-css-o07K1\" data-generated-css=\"brz-css-zZIZg\" data-uniq-id=\"trZ2Y\"><\/p>\n<p class=\"ql-align-center brz-text-lg-center brz-fss-lg-px brz-fw-lg-400 brz-ls-lg-0 brz-lh-lg-1_9 brz-vfw-lg-400 brz-fwdth-lg-100 brz-fsft-lg-0 brz-tp-lg-empty brz-ff-lato brz-ft-google brz-fs-lg-17 brz-css-yttYb\" data-generated-css=\"brz-css-s6bUg\" data-uniq-id=\"hQbf5\"><span class=\"brz-cp-color7\">Als externer Brandschutzexperte stehen wir Ihnen zur Seite, um den baulichen, anlagentechnischen und organisatorischen Brandschutz effektiv umzusetzen.<\/span><\/p>\n<p class=\"ql-align-center brz-text-lg-center brz-fss-lg-px brz-fw-lg-400 brz-ls-lg-0 brz-lh-lg-1_9 brz-vfw-lg-400 brz-fwdth-lg-100 brz-fsft-lg-0 brz-tp-lg-empty brz-ff-lato brz-ft-google brz-fs-lg-17 brz-css-luoCJ\" data-generated-css=\"brz-css-kTaW5\" data-uniq-id=\"eT30T\"><span class=\"brz-cp-color7\"> <\/span><\/p>\n<p class=\"ql-align-center brz-text-lg-center brz-fss-lg-px brz-fw-lg-400 brz-ls-lg-0 brz-lh-lg-1_9 brz-vfw-lg-400 brz-fwdth-lg-100 brz-fsft-lg-0 brz-tp-lg-empty brz-ff-lato brz-ft-google brz-fs-lg-17 brz-css-eLIfF\" data-generated-css=\"brz-css-bKJnM\" data-uniq-id=\"wfPTR\"><span class=\"brz-cp-color7\">Unsere Beratung deckt alle pr\u00e4ventiven Ma\u00dfnahmen ab, um Br\u00e4nde und Rauchentwicklung zu verhindern, einschlie\u00dflich richtiger Vorgehensweisen bei L\u00f6scharbeiten und Rettungsverfahren. Wir halten uns dabei strikt an die gesetzlichen Vorgaben, Bauordnungen und Richtlinien.<\/span><\/p>\n<p class=\"ql-align-center brz-text-lg-center brz-fss-lg-px brz-fw-lg-400 brz-ls-lg-0 brz-lh-lg-1_9 brz-vfw-lg-400 brz-fwdth-lg-100 brz-fsft-lg-0 brz-tp-lg-empty brz-ff-lato brz-ft-google brz-fs-lg-17 brz-css-snHqd\" data-generated-css=\"brz-css-xqKz2\" data-uniq-id=\"tHbLo\"><span class=\"brz-cp-color7\"> <\/span><\/p>\n<p class=\"ql-align-center brz-text-lg-center brz-fss-lg-px brz-fw-lg-400 brz-ls-lg-0 brz-lh-lg-1_9 brz-vfw-lg-400 brz-fwdth-lg-100 brz-fsft-lg-0 brz-tp-lg-empty brz-ff-lato brz-ft-google brz-fs-lg-17 brz-css-vGiop\" data-generated-css=\"brz-css-xoDzp\" data-uniq-id=\"i1Zb0\"><span class=\"brz-cp-color7\">Unser Ziel ist es, Sie umfassend \u00fcber alle Aspekte des Brandschutzes zu informieren, um Ihre Sicherheit in Arbeits- und Privatleben zu gew\u00e4hrleisten, einschlie\u00dflich Flucht- und Rettungswege gem\u00e4\u00df den geltenden Normen.<\/span><\/p>\n<p class=\"brz-tp-lg-paragraph brz-css-iswC6\" data-generated-css=\"brz-css-jK0dF\" data-uniq-id=\"l6FQL\"><\/p>\n<\/div>\n<\/div>\n<\/div>\n<\/div>\n<\/div>\n<\/section><\/div>\n<p><!-- version:1755218109 --><\/p>","protected":false},"excerpt":{"rendered":"<p>Von A bis Z \u2013 Brandschutz f\u00fcr Unternehmen Unsere Leistungen im \u00dcberblick: Gestellung eines Brandschutzbeauftragten Beratung im baulichen, anlagentechnischen und organisatorischen Brandschutz \u00dcberwachung und Dokumentation von L\u00f6scheinrichtungen \u00dcberwachung und Dokumentation von Elektroger\u00e4ten nach der DGUV Vorschrift 3 (allg. auch E-Check genannt) Ausbildung von Brandschutz- und Evakuierungshelfern, theoretisch und praktisch mit unserem Feuerl\u00f6sch-\u00dcbger\u00e4t \u201eKriBa\u201c Lassen Sie [&hellip;]<\/p>\n","protected":false},"author":4,"featured_media":0,"parent":0,"menu_order":0,"comment_status":"closed","ping_status":"closed","template":"","meta":{"footnotes":""},"class_list":["post-10194","page","type-page","status-publish","hentry"],"blocksy_meta":[],"yoast_head":"<!-- This site is optimized with the Yoast SEO plugin v27.4 - https:\/\/yoast.com\/product\/yoast-seo-wordpress\/ -->\n<title>Brandschutz - BuS Beratung und Schulung<\/title>\n<meta name=\"robots\" content=\"index, follow, max-snippet:-1, max-image-preview:large, max-video-preview:-1\" \/>\n<link rel=\"canonical\" href=\"https:\/\/www.beratungundschulung.com\/en\/brandschutz\/\" \/>\n<meta property=\"og:locale\" content=\"en_GB\" \/>\n<meta property=\"og:type\" content=\"article\" \/>\n<meta property=\"og:title\" content=\"Brandschutz - BuS Beratung und Schulung\" \/>\n<meta property=\"og:description\" content=\"Von A bis Z \u2013 Brandschutz f\u00fcr Unternehmen Unsere Leistungen im \u00dcberblick: Gestellung eines Brandschutzbeauftragten Beratung im baulichen, anlagentechnischen und organisatorischen Brandschutz \u00dcberwachung und Dokumentation von L\u00f6scheinrichtungen \u00dcberwachung und Dokumentation von Elektroger\u00e4ten nach der DGUV Vorschrift 3 (allg. auch E-Check genannt) Ausbildung von Brandschutz- und Evakuierungshelfern, theoretisch und praktisch mit unserem Feuerl\u00f6sch-\u00dcbger\u00e4t \u201eKriBa\u201c Lassen Sie [&hellip;]\" \/>\n<meta property=\"og:url\" content=\"https:\/\/www.beratungundschulung.com\/en\/brandschutz\/\" \/>\n<meta property=\"og:site_name\" content=\"BuS Beratung und Schulung\" \/>\n<meta property=\"article:modified_time\" content=\"2026-04-07T01:20:32+00:00\" \/>\n<meta property=\"og:image\" content=\"https:\/\/www.beratungundschulung.com\/wp-content\/uploads\/2021\/11\/feuer-der-heissen-flamme-und-gruenes-notausgangzeichen-haengen-an-der-decke-im-buero-nachts.jpg\" \/>\n<meta name=\"twitter:card\" content=\"summary_large_image\" \/>\n<meta name=\"twitter:label1\" content=\"Estimated reading time\" \/>\n\t<meta name=\"twitter:data1\" content=\"2 minutes\" \/>\n<script type=\"application\/ld+json\" class=\"yoast-schema-graph\">{\"@context\":\"https:\\\/\\\/schema.org\",\"@graph\":[{\"@type\":\"WebPage\",\"@id\":\"https:\\\/\\\/www.beratungundschulung.com\\\/brandschutz\\\/\",\"url\":\"https:\\\/\\\/www.beratungundschulung.com\\\/brandschutz\\\/\",\"name\":\"Brandschutz - BuS Beratung und Schulung\",\"isPartOf\":{\"@id\":\"https:\\\/\\\/www.beratungundschulung.com\\\/#website\"},\"primaryImageOfPage\":{\"@id\":\"https:\\\/\\\/www.beratungundschulung.com\\\/brandschutz\\\/#primaryimage\"},\"image\":{\"@id\":\"https:\\\/\\\/www.beratungundschulung.com\\\/brandschutz\\\/#primaryimage\"},\"thumbnailUrl\":\"https:\\\/\\\/www.beratungundschulung.com\\\/wp-content\\\/uploads\\\/2021\\\/11\\\/feuer-der-heissen-flamme-und-gruenes-notausgangzeichen-haengen-an-der-decke-im-buero-nachts.jpg\",\"datePublished\":\"2023-07-10T10:32:00+00:00\",\"dateModified\":\"2026-04-07T01:20:32+00:00\",\"breadcrumb\":{\"@id\":\"https:\\\/\\\/www.beratungundschulung.com\\\/brandschutz\\\/#breadcrumb\"},\"inLanguage\":\"en-GB\",\"potentialAction\":[{\"@type\":\"ReadAction\",\"target\":[\"https:\\\/\\\/www.beratungundschulung.com\\\/brandschutz\\\/\"]}]},{\"@type\":\"ImageObject\",\"inLanguage\":\"en-GB\",\"@id\":\"https:\\\/\\\/www.beratungundschulung.com\\\/brandschutz\\\/#primaryimage\",\"url\":\"https:\\\/\\\/www.beratungundschulung.com\\\/wp-content\\\/uploads\\\/2021\\\/11\\\/feuer-der-heissen-flamme-und-gruenes-notausgangzeichen-haengen-an-der-decke-im-buero-nachts.jpg\",\"contentUrl\":\"https:\\\/\\\/www.beratungundschulung.com\\\/wp-content\\\/uploads\\\/2021\\\/11\\\/feuer-der-heissen-flamme-und-gruenes-notausgangzeichen-haengen-an-der-decke-im-buero-nachts.jpg\"},{\"@type\":\"BreadcrumbList\",\"@id\":\"https:\\\/\\\/www.beratungundschulung.com\\\/brandschutz\\\/#breadcrumb\",\"itemListElement\":[{\"@type\":\"ListItem\",\"position\":1,\"name\":\"Startseite\",\"item\":\"https:\\\/\\\/www.beratungundschulung.com\\\/\"},{\"@type\":\"ListItem\",\"position\":2,\"name\":\"Brandschutz\"}]},{\"@type\":\"WebSite\",\"@id\":\"https:\\\/\\\/www.beratungundschulung.com\\\/#website\",\"url\":\"https:\\\/\\\/www.beratungundschulung.com\\\/\",\"name\":\"BuS Beratung und Schulung\",\"description\":\"\",\"publisher\":{\"@id\":\"https:\\\/\\\/www.beratungundschulung.com\\\/#organization\"},\"potentialAction\":[{\"@type\":\"SearchAction\",\"target\":{\"@type\":\"EntryPoint\",\"urlTemplate\":\"https:\\\/\\\/www.beratungundschulung.com\\\/?s={search_term_string}\"},\"query-input\":{\"@type\":\"PropertyValueSpecification\",\"valueRequired\":true,\"valueName\":\"search_term_string\"}}],\"inLanguage\":\"en-GB\"},{\"@type\":\"Organization\",\"@id\":\"https:\\\/\\\/www.beratungundschulung.com\\\/#organization\",\"name\":\"BuS Beratung und Schulung\",\"url\":\"https:\\\/\\\/www.beratungundschulung.com\\\/\",\"logo\":{\"@type\":\"ImageObject\",\"inLanguage\":\"en-GB\",\"@id\":\"https:\\\/\\\/www.beratungundschulung.com\\\/#\\\/schema\\\/logo\\\/image\\\/\",\"url\":\"https:\\\/\\\/www.beratungundschulung.com\\\/wp-content\\\/uploads\\\/2019\\\/03\\\/cropped-BUS-Logo-Vektor_001-web-1.png\",\"contentUrl\":\"https:\\\/\\\/www.beratungundschulung.com\\\/wp-content\\\/uploads\\\/2019\\\/03\\\/cropped-BUS-Logo-Vektor_001-web-1.png\",\"width\":600,\"height\":450,\"caption\":\"BuS Beratung und Schulung\"},\"image\":{\"@id\":\"https:\\\/\\\/www.beratungundschulung.com\\\/#\\\/schema\\\/logo\\\/image\\\/\"}}]}<\/script>\n<!-- \/ Yoast SEO plugin. -->","yoast_head_json":{"title":"Brandschutz - BuS Beratung und Schulung","robots":{"index":"index","follow":"follow","max-snippet":"max-snippet:-1","max-image-preview":"max-image-preview:large","max-video-preview":"max-video-preview:-1"},"canonical":"https:\/\/www.beratungundschulung.com\/en\/brandschutz\/","og_locale":"en_GB","og_type":"article","og_title":"Brandschutz - BuS Beratung und Schulung","og_description":"Von A bis Z \u2013 Brandschutz f\u00fcr Unternehmen Unsere Leistungen im \u00dcberblick: Gestellung eines Brandschutzbeauftragten Beratung im baulichen, anlagentechnischen und organisatorischen Brandschutz \u00dcberwachung und Dokumentation von L\u00f6scheinrichtungen \u00dcberwachung und Dokumentation von Elektroger\u00e4ten nach der DGUV Vorschrift 3 (allg. auch E-Check genannt) Ausbildung von Brandschutz- und Evakuierungshelfern, theoretisch und praktisch mit unserem Feuerl\u00f6sch-\u00dcbger\u00e4t \u201eKriBa\u201c Lassen Sie [&hellip;]","og_url":"https:\/\/www.beratungundschulung.com\/en\/brandschutz\/","og_site_name":"BuS Beratung und Schulung","article_modified_time":"2026-04-07T01:20:32+00:00","og_image":[{"url":"https:\/\/www.beratungundschulung.com\/wp-content\/uploads\/2021\/11\/feuer-der-heissen-flamme-und-gruenes-notausgangzeichen-haengen-an-der-decke-im-buero-nachts.jpg","type":"","width":"","height":""}],"twitter_card":"summary_large_image","twitter_misc":{"Estimated reading time":"2 minutes"},"schema":{"@context":"https:\/\/schema.org","@graph":[{"@type":"WebPage","@id":"https:\/\/www.beratungundschulung.com\/brandschutz\/","url":"https:\/\/www.beratungundschulung.com\/brandschutz\/","name":"Brandschutz - BuS Beratung und Schulung","isPartOf":{"@id":"https:\/\/www.beratungundschulung.com\/#website"},"primaryImageOfPage":{"@id":"https:\/\/www.beratungundschulung.com\/brandschutz\/#primaryimage"},"image":{"@id":"https:\/\/www.beratungundschulung.com\/brandschutz\/#primaryimage"},"thumbnailUrl":"https:\/\/www.beratungundschulung.com\/wp-content\/uploads\/2021\/11\/feuer-der-heissen-flamme-und-gruenes-notausgangzeichen-haengen-an-der-decke-im-buero-nachts.jpg","datePublished":"2023-07-10T10:32:00+00:00","dateModified":"2026-04-07T01:20:32+00:00","breadcrumb":{"@id":"https:\/\/www.beratungundschulung.com\/brandschutz\/#breadcrumb"},"inLanguage":"en-GB","potentialAction":[{"@type":"ReadAction","target":["https:\/\/www.beratungundschulung.com\/brandschutz\/"]}]},{"@type":"ImageObject","inLanguage":"en-GB","@id":"https:\/\/www.beratungundschulung.com\/brandschutz\/#primaryimage","url":"https:\/\/www.beratungundschulung.com\/wp-content\/uploads\/2021\/11\/feuer-der-heissen-flamme-und-gruenes-notausgangzeichen-haengen-an-der-decke-im-buero-nachts.jpg","contentUrl":"https:\/\/www.beratungundschulung.com\/wp-content\/uploads\/2021\/11\/feuer-der-heissen-flamme-und-gruenes-notausgangzeichen-haengen-an-der-decke-im-buero-nachts.jpg"},{"@type":"BreadcrumbList","@id":"https:\/\/www.beratungundschulung.com\/brandschutz\/#breadcrumb","itemListElement":[{"@type":"ListItem","position":1,"name":"Startseite","item":"https:\/\/www.beratungundschulung.com\/"},{"@type":"ListItem","position":2,"name":"Brandschutz"}]},{"@type":"WebSite","@id":"https:\/\/www.beratungundschulung.com\/#website","url":"https:\/\/www.beratungundschulung.com\/","name":"BuS Beratung und Schulung","description":"","publisher":{"@id":"https:\/\/www.beratungundschulung.com\/#organization"},"potentialAction":[{"@type":"SearchAction","target":{"@type":"EntryPoint","urlTemplate":"https:\/\/www.beratungundschulung.com\/?s={search_term_string}"},"query-input":{"@type":"PropertyValueSpecification","valueRequired":true,"valueName":"search_term_string"}}],"inLanguage":"en-GB"},{"@type":"Organization","@id":"https:\/\/www.beratungundschulung.com\/#organization","name":"BuS Beratung und Schulung","url":"https:\/\/www.beratungundschulung.com\/","logo":{"@type":"ImageObject","inLanguage":"en-GB","@id":"https:\/\/www.beratungundschulung.com\/#\/schema\/logo\/image\/","url":"https:\/\/www.beratungundschulung.com\/wp-content\/uploads\/2019\/03\/cropped-BUS-Logo-Vektor_001-web-1.png","contentUrl":"https:\/\/www.beratungundschulung.com\/wp-content\/uploads\/2019\/03\/cropped-BUS-Logo-Vektor_001-web-1.png","width":600,"height":450,"caption":"BuS Beratung und Schulung"},"image":{"@id":"https:\/\/www.beratungundschulung.com\/#\/schema\/logo\/image\/"}}]}},"brizy_media":[{"id":10075,"url":"https:\/\/www.beratungundschulung.com\/wp-content\/uploads\/2021\/11\/feuer-der-heissen-flamme-und-gruenes-notausgangzeichen-haengen-an-der-decke-im-buero-nachts.jpg","name":"feuer-der-heissen-flamme-und-gruenes-notausgangzeichen-haengen-an-der-decke-im-buero-nachts.jpg","meta":{"brizy_attachment_uid":"wp-dedbe38b50f3e8f14d5309111a43eaf2.jpg","brizy_post_uid":["5299b640877ee273e7e7341e4b819d8b","f6d977371f378760f52d649b9114e67e","ccab2530e02473dcc454e94aaecd6d82"]}}],"_links":{"self":[{"href":"https:\/\/www.beratungundschulung.com\/en\/wp-json\/wp\/v2\/pages\/10194","targetHints":{"allow":["GET"]}}],"collection":[{"href":"https:\/\/www.beratungundschulung.com\/en\/wp-json\/wp\/v2\/pages"}],"about":[{"href":"https:\/\/www.beratungundschulung.com\/en\/wp-json\/wp\/v2\/types\/page"}],"author":[{"embeddable":true,"href":"https:\/\/www.beratungundschulung.com\/en\/wp-json\/wp\/v2\/users\/4"}],"replies":[{"embeddable":true,"href":"https:\/\/www.beratungundschulung.com\/en\/wp-json\/wp\/v2\/comments?post=10194"}],"version-history":[{"count":30,"href":"https:\/\/www.beratungundschulung.com\/en\/wp-json\/wp\/v2\/pages\/10194\/revisions"}],"predecessor-version":[{"id":12416,"href":"https:\/\/www.beratungundschulung.com\/en\/wp-json\/wp\/v2\/pages\/10194\/revisions\/12416"}],"wp:attachment":[{"href":"https:\/\/www.beratungundschulung.com\/en\/wp-json\/wp\/v2\/media?parent=10194"}],"curies":[{"name":"wp","href":"https:\/\/api.w.org\/{rel}","templated":true}]}}