{"id":10231,"date":"2023-07-10T10:57:58","date_gmt":"2023-07-10T10:57:58","guid":{"rendered":"https:\/\/bus-gbr.de\/datenschutzerklaerung\/"},"modified":"2025-10-08T13:15:28","modified_gmt":"2025-10-08T12:15:28","slug":"datenschutzerklaerung","status":"publish","type":"page","link":"https:\/\/www.beratungundschulung.com\/en\/datenschutzerklaerung\/","title":{"rendered":"Datenschutzerkl\u00e4rung"},"content":{"rendered":"<p>Der Schutz Ihrer pers\u00f6nlichen Daten ist uns ein besonderes Anliegen. Wir verarbeiten Ihre Daten daher ausschlie\u00dflich auf Grundlage der gesetzlichen Bestimmungen (DSGVO, TMG). In dieser Datenschutzerkl\u00e4rung informieren wir Sie \u00fcber die wichtigsten Aspekte der Datenverarbeitung im Rahmen unserer Website.<\/p>\n\n\n\n<h2 class=\"wp-block-heading\">1. Verantwortlicher<\/h2>\n\n\n\n<p>Verantwortlich f\u00fcr die Datenverarbeitung auf dieser Website ist:<br><br>BuS Beratung und Schulung<br>DE456932503<br>Inh. Yudelka Maduro Castillo<br>Heckenstra\u00dfe 14a<br>86179 Augsburg<br>Telefon: +49 1512 2989283<br>E-Mail: info@beratungundschulung.com<\/p>\n\n\n\n<h2 class=\"wp-block-heading\">2. Erhebung und Verarbeitung personenbezogener Daten<\/h2>\n\n\n\n<p>Wir erheben, verarbeiten und nutzen Ihre personenbezogenen Daten nur, soweit sie f\u00fcr die Begr\u00fcndung, inhaltliche Ausgestaltung oder \u00c4nderung des Rechtsverh\u00e4ltnisses erforderlich sind. Dies geschieht z.\u202fB. bei der Kontaktaufnahme \u00fcber unser Kontaktformular oder per E-Mail.<\/p>\n\n\n\n<h2 class=\"wp-block-heading\">3. Weitergabe von Daten<\/h2>\n\n\n\n<p>Eine Weitergabe Ihrer personenbezogenen Daten an Dritte erfolgt nur, wenn dies zur Vertragserf\u00fcllung erforderlich ist oder Sie ausdr\u00fccklich eingewilligt haben.<\/p>\n\n\n\n<h2 class=\"wp-block-heading\">4. Cookies<\/h2>\n\n\n\n<p>Unsere Website verwendet Cookies. Dabei handelt es sich um kleine Textdateien, die mit Hilfe des Browsers auf Ihrem Endger\u00e4t abgelegt werden. Sie richten keinen Schaden an. Wir nutzen Cookies dazu, unser Angebot nutzerfreundlich zu gestalten.<\/p>\n\n\n\n<h2 class=\"wp-block-heading\">5. Ihre Rechte<\/h2>\n\n\n\n<p>Ihnen stehen grunds\u00e4tzlich die Rechte auf Auskunft, Berichtigung, L\u00f6schung, Einschr\u00e4nkung, Daten\u00fcbertragbarkeit, Widerruf und Widerspruch zu. Wenn Sie glauben, dass die Verarbeitung Ihrer Daten gegen das Datenschutzrecht verst\u00f6\u00dft oder Ihre datenschutzrechtlichen Anspr\u00fcche sonst in einer Weise verletzt worden sind, k\u00f6nnen Sie sich bei der Aufsichtsbeh\u00f6rde beschweren.<\/p>\n\n\n\n<h2 class=\"wp-block-heading\">6. Kontakt<\/h2>\n\n\n\n<p>Wenn Sie Fragen zum Datenschutz haben, kontaktieren Sie uns bitte unter:<br><br>BuS Beratung und Schulung<br>DE456932503<br>Inh. Yudelka Maduro Castillo<br>Heckenstra\u00dfe 14a<br>86179 Augsburg<br>info@beratungundschulung.com<\/p>","protected":false},"excerpt":{"rendered":"<p>Der Schutz Ihrer pers\u00f6nlichen Daten ist uns ein besonderes Anliegen. Wir verarbeiten Ihre Daten daher ausschlie\u00dflich auf Grundlage der gesetzlichen Bestimmungen (DSGVO, TMG). In dieser Datenschutzerkl\u00e4rung informieren wir Sie \u00fcber die wichtigsten Aspekte der Datenverarbeitung im Rahmen unserer Website. 1. Verantwortlicher Verantwortlich f\u00fcr die Datenverarbeitung auf dieser Website ist: BuS Beratung und SchulungDE456932503Inh. Yudelka Maduro [&hellip;]<\/p>\n","protected":false},"author":4,"featured_media":0,"parent":0,"menu_order":0,"comment_status":"closed","ping_status":"closed","template":"","meta":{"footnotes":""},"class_list":["post-10231","page","type-page","status-publish","hentry"],"blocksy_meta":[],"yoast_head":"<!-- This site is optimized with the Yoast SEO plugin v27.4 - https:\/\/yoast.com\/product\/yoast-seo-wordpress\/ -->\n<title>Datenschutzerkl\u00e4rung - BuS Beratung und Schulung<\/title>\n<meta name=\"robots\" content=\"index, follow, max-snippet:-1, max-image-preview:large, max-video-preview:-1\" \/>\n<link rel=\"canonical\" href=\"https:\/\/www.beratungundschulung.com\/en\/datenschutzerklaerung\/\" \/>\n<meta property=\"og:locale\" content=\"en_GB\" \/>\n<meta property=\"og:type\" content=\"article\" \/>\n<meta property=\"og:title\" content=\"Datenschutzerkl\u00e4rung - BuS Beratung und Schulung\" \/>\n<meta property=\"og:description\" content=\"Der Schutz Ihrer pers\u00f6nlichen Daten ist uns ein besonderes Anliegen. Wir verarbeiten Ihre Daten daher ausschlie\u00dflich auf Grundlage der gesetzlichen Bestimmungen (DSGVO, TMG). In dieser Datenschutzerkl\u00e4rung informieren wir Sie \u00fcber die wichtigsten Aspekte der Datenverarbeitung im Rahmen unserer Website. 1. Verantwortlicher Verantwortlich f\u00fcr die Datenverarbeitung auf dieser Website ist: BuS Beratung und SchulungDE456932503Inh. Yudelka Maduro [&hellip;]\" \/>\n<meta property=\"og:url\" content=\"https:\/\/www.beratungundschulung.com\/en\/datenschutzerklaerung\/\" \/>\n<meta property=\"og:site_name\" content=\"BuS Beratung und Schulung\" \/>\n<meta property=\"article:modified_time\" content=\"2025-10-08T12:15:28+00:00\" \/>\n<meta name=\"twitter:card\" content=\"summary_large_image\" \/>\n<meta name=\"twitter:label1\" content=\"Estimated reading time\" \/>\n\t<meta name=\"twitter:data1\" content=\"2 minutes\" \/>\n<script type=\"application\/ld+json\" class=\"yoast-schema-graph\">{\"@context\":\"https:\\\/\\\/schema.org\",\"@graph\":[{\"@type\":\"WebPage\",\"@id\":\"https:\\\/\\\/www.beratungundschulung.com\\\/datenschutzerklaerung\\\/\",\"url\":\"https:\\\/\\\/www.beratungundschulung.com\\\/datenschutzerklaerung\\\/\",\"name\":\"Datenschutzerkl\u00e4rung - BuS Beratung und Schulung\",\"isPartOf\":{\"@id\":\"https:\\\/\\\/www.beratungundschulung.com\\\/#website\"},\"datePublished\":\"2023-07-10T10:57:58+00:00\",\"dateModified\":\"2025-10-08T12:15:28+00:00\",\"breadcrumb\":{\"@id\":\"https:\\\/\\\/www.beratungundschulung.com\\\/datenschutzerklaerung\\\/#breadcrumb\"},\"inLanguage\":\"en-GB\",\"potentialAction\":[{\"@type\":\"ReadAction\",\"target\":[\"https:\\\/\\\/www.beratungundschulung.com\\\/datenschutzerklaerung\\\/\"]}]},{\"@type\":\"BreadcrumbList\",\"@id\":\"https:\\\/\\\/www.beratungundschulung.com\\\/datenschutzerklaerung\\\/#breadcrumb\",\"itemListElement\":[{\"@type\":\"ListItem\",\"position\":1,\"name\":\"Startseite\",\"item\":\"https:\\\/\\\/www.beratungundschulung.com\\\/\"},{\"@type\":\"ListItem\",\"position\":2,\"name\":\"Datenschutzerkl\u00e4rung\"}]},{\"@type\":\"WebSite\",\"@id\":\"https:\\\/\\\/www.beratungundschulung.com\\\/#website\",\"url\":\"https:\\\/\\\/www.beratungundschulung.com\\\/\",\"name\":\"BuS Beratung und Schulung\",\"description\":\"\",\"publisher\":{\"@id\":\"https:\\\/\\\/www.beratungundschulung.com\\\/#organization\"},\"potentialAction\":[{\"@type\":\"SearchAction\",\"target\":{\"@type\":\"EntryPoint\",\"urlTemplate\":\"https:\\\/\\\/www.beratungundschulung.com\\\/?s={search_term_string}\"},\"query-input\":{\"@type\":\"PropertyValueSpecification\",\"valueRequired\":true,\"valueName\":\"search_term_string\"}}],\"inLanguage\":\"en-GB\"},{\"@type\":\"Organization\",\"@id\":\"https:\\\/\\\/www.beratungundschulung.com\\\/#organization\",\"name\":\"BuS Beratung und Schulung\",\"url\":\"https:\\\/\\\/www.beratungundschulung.com\\\/\",\"logo\":{\"@type\":\"ImageObject\",\"inLanguage\":\"en-GB\",\"@id\":\"https:\\\/\\\/www.beratungundschulung.com\\\/#\\\/schema\\\/logo\\\/image\\\/\",\"url\":\"https:\\\/\\\/www.beratungundschulung.com\\\/wp-content\\\/uploads\\\/2019\\\/03\\\/cropped-BUS-Logo-Vektor_001-web-1.png\",\"contentUrl\":\"https:\\\/\\\/www.beratungundschulung.com\\\/wp-content\\\/uploads\\\/2019\\\/03\\\/cropped-BUS-Logo-Vektor_001-web-1.png\",\"width\":600,\"height\":450,\"caption\":\"BuS Beratung und Schulung\"},\"image\":{\"@id\":\"https:\\\/\\\/www.beratungundschulung.com\\\/#\\\/schema\\\/logo\\\/image\\\/\"}}]}<\/script>\n<!-- \/ Yoast SEO plugin. -->","yoast_head_json":{"title":"Datenschutzerkl\u00e4rung - BuS Beratung und Schulung","robots":{"index":"index","follow":"follow","max-snippet":"max-snippet:-1","max-image-preview":"max-image-preview:large","max-video-preview":"max-video-preview:-1"},"canonical":"https:\/\/www.beratungundschulung.com\/en\/datenschutzerklaerung\/","og_locale":"en_GB","og_type":"article","og_title":"Datenschutzerkl\u00e4rung - BuS Beratung und Schulung","og_description":"Der Schutz Ihrer pers\u00f6nlichen Daten ist uns ein besonderes Anliegen. Wir verarbeiten Ihre Daten daher ausschlie\u00dflich auf Grundlage der gesetzlichen Bestimmungen (DSGVO, TMG). In dieser Datenschutzerkl\u00e4rung informieren wir Sie \u00fcber die wichtigsten Aspekte der Datenverarbeitung im Rahmen unserer Website. 1. Verantwortlicher Verantwortlich f\u00fcr die Datenverarbeitung auf dieser Website ist: BuS Beratung und SchulungDE456932503Inh. Yudelka Maduro [&hellip;]","og_url":"https:\/\/www.beratungundschulung.com\/en\/datenschutzerklaerung\/","og_site_name":"BuS Beratung und Schulung","article_modified_time":"2025-10-08T12:15:28+00:00","twitter_card":"summary_large_image","twitter_misc":{"Estimated reading time":"2 minutes"},"schema":{"@context":"https:\/\/schema.org","@graph":[{"@type":"WebPage","@id":"https:\/\/www.beratungundschulung.com\/datenschutzerklaerung\/","url":"https:\/\/www.beratungundschulung.com\/datenschutzerklaerung\/","name":"Datenschutzerkl\u00e4rung - BuS Beratung und Schulung","isPartOf":{"@id":"https:\/\/www.beratungundschulung.com\/#website"},"datePublished":"2023-07-10T10:57:58+00:00","dateModified":"2025-10-08T12:15:28+00:00","breadcrumb":{"@id":"https:\/\/www.beratungundschulung.com\/datenschutzerklaerung\/#breadcrumb"},"inLanguage":"en-GB","potentialAction":[{"@type":"ReadAction","target":["https:\/\/www.beratungundschulung.com\/datenschutzerklaerung\/"]}]},{"@type":"BreadcrumbList","@id":"https:\/\/www.beratungundschulung.com\/datenschutzerklaerung\/#breadcrumb","itemListElement":[{"@type":"ListItem","position":1,"name":"Startseite","item":"https:\/\/www.beratungundschulung.com\/"},{"@type":"ListItem","position":2,"name":"Datenschutzerkl\u00e4rung"}]},{"@type":"WebSite","@id":"https:\/\/www.beratungundschulung.com\/#website","url":"https:\/\/www.beratungundschulung.com\/","name":"BuS Beratung und Schulung","description":"","publisher":{"@id":"https:\/\/www.beratungundschulung.com\/#organization"},"potentialAction":[{"@type":"SearchAction","target":{"@type":"EntryPoint","urlTemplate":"https:\/\/www.beratungundschulung.com\/?s={search_term_string}"},"query-input":{"@type":"PropertyValueSpecification","valueRequired":true,"valueName":"search_term_string"}}],"inLanguage":"en-GB"},{"@type":"Organization","@id":"https:\/\/www.beratungundschulung.com\/#organization","name":"BuS Beratung und Schulung","url":"https:\/\/www.beratungundschulung.com\/","logo":{"@type":"ImageObject","inLanguage":"en-GB","@id":"https:\/\/www.beratungundschulung.com\/#\/schema\/logo\/image\/","url":"https:\/\/www.beratungundschulung.com\/wp-content\/uploads\/2019\/03\/cropped-BUS-Logo-Vektor_001-web-1.png","contentUrl":"https:\/\/www.beratungundschulung.com\/wp-content\/uploads\/2019\/03\/cropped-BUS-Logo-Vektor_001-web-1.png","width":600,"height":450,"caption":"BuS Beratung und Schulung"},"image":{"@id":"https:\/\/www.beratungundschulung.com\/#\/schema\/logo\/image\/"}}]}},"brizy_media":[],"_links":{"self":[{"href":"https:\/\/www.beratungundschulung.com\/en\/wp-json\/wp\/v2\/pages\/10231","targetHints":{"allow":["GET"]}}],"collection":[{"href":"https:\/\/www.beratungundschulung.com\/en\/wp-json\/wp\/v2\/pages"}],"about":[{"href":"https:\/\/www.beratungundschulung.com\/en\/wp-json\/wp\/v2\/types\/page"}],"author":[{"embeddable":true,"href":"https:\/\/www.beratungundschulung.com\/en\/wp-json\/wp\/v2\/users\/4"}],"replies":[{"embeddable":true,"href":"https:\/\/www.beratungundschulung.com\/en\/wp-json\/wp\/v2\/comments?post=10231"}],"version-history":[{"count":6,"href":"https:\/\/www.beratungundschulung.com\/en\/wp-json\/wp\/v2\/pages\/10231\/revisions"}],"predecessor-version":[{"id":12457,"href":"https:\/\/www.beratungundschulung.com\/en\/wp-json\/wp\/v2\/pages\/10231\/revisions\/12457"}],"wp:attachment":[{"href":"https:\/\/www.beratungundschulung.com\/en\/wp-json\/wp\/v2\/media?parent=10231"}],"curies":[{"name":"wp","href":"https:\/\/api.w.org\/{rel}","templated":true}]}}