{"id":11306,"date":"2024-12-05T12:42:22","date_gmt":"2024-12-05T12:42:22","guid":{"rendered":"https:\/\/bus-gbr.webenmarcha.com\/?page_id=11306"},"modified":"2026-04-06T19:24:27","modified_gmt":"2026-04-06T18:24:27","slug":"datenschutz-datenschutzbeauftragter","status":"publish","type":"page","link":"https:\/\/www.beratungundschulung.com\/en\/datenschutz-datenschutzbeauftragter\/","title":{"rendered":"Datenschutz \/ Datenschutzbeauftragter"},"content":{"rendered":"<div class=\"brz brz-root__container brz-reset-all brz-root__container-page\">\n<section id=\"624baa42dfa75a440733_whGAIVKLK06L\" class=\"brz-section brz-css-fchdek brz-css-1ovnsre\">\n<div class=\"brz-section__content brz-section--boxed brz-css-vf79f3 brz-css-1ylva2m\" data-brz-custom-id=\"oeHbGViYjoGu\">\n<div class=\"brz-bg\">\n<div class=\"brz-bg-color\"><\/div>\n<\/div>\n<div class=\"brz-container brz-css-1fepou2 brz-css-1kj4vrt\">\n<div id=\"\" class=\"brz-css-qacuqi brz-css-1ameg1a brz-wrapper\">\n<div class=\"brz-rich-text brz-rich-text__custom brz-css-13le6g6 brz-css-14p1ffj\" data-brz-custom-id=\"cLWRtYiXJow9\">\n<div data-brz-translate-text=\"1\">\n<h1 class=\"brz-tp-lg-heading1 brz-text-lg-center brz-css-cTsYb\" data-generated-css=\"brz-css-fUH3r\" data-uniq-id=\"tZdxM\"><strong class=\"brz-cp-color8\" style=\"background-color: transparent\">Datenschutz \/ Datenschutzbeauftragter<\/strong><\/h1>\n<\/div>\n<\/div>\n<\/div>\n<\/div>\n<\/div>\n<\/section>\n<section id=\"51850b4b11a25e27ad1f_e_43ZzGt0erE\" class=\"brz-section brz-css-prveel brz-css-kplt5t\">\n<div class=\"brz-section__content brz-section--boxed brz-css-khww1d brz-css-14vprkv\" data-brz-custom-id=\"lRpnfEozr_JT\">\n<div class=\"brz-bg\">\n<div class=\"brz-bg-color\"><\/div>\n<\/div>\n<div class=\"brz-container brz-css-a6wzjb brz-css-1qugkc0\">\n<div class=\"brz-row__container brz-css-1vgcnsd brz-css-13dfzz8\" data-brz-custom-id=\"xQIuyqP_9SBz\">\n<div class=\"brz-row brz-css-1iisify brz-css-1xi30yb brz-css-1ifq521\">\n<div class=\"brz-columns brz-css-17bqg42 brz-css-15n6vcz\" data-brz-custom-id=\"e_zpkbqNBJ9P\">\n<div class=\"brz-column__items brz-css-qmi7et brz-css-153n1mz\">\n<div id=\"\" class=\"brz-css-119ujn brz-css-jly6cg brz-wrapper\">\n<div class=\"brz-rich-text brz-rich-text__custom brz-css-1ufcugv brz-css-ny682y\" data-brz-custom-id=\"tojwAmGFTCcu\">\n<div data-brz-translate-text=\"1\">\n<p class=\"brz-tp-lg-paragraph brz-css-eglh4\" data-generated-css=\"brz-css-oextw\" data-uniq-id=\"bQISD\"><span style=\"background-color: transparent\" class=\"brz-cp-color2\">In einer Welt, in der Daten das wertvollste Gut sind, ist Datenschutz nicht nur Pflicht, sondern auch ein Vertrauensfaktor f\u00fcr Kunden und Gesch\u00e4ftspartner. Mit der Datenschutz-Grundverordnung (DSGVO) sind Unternehmen in der EU verpflichtet, den Schutz personenbezogener Daten sicherzustellen. Ein erfahrener Datenschutzbeauftragter hilft Ihnen, diese Anforderungen rechtssicher umzusetzen.<\/span><\/p>\n<p class=\"brz-tp-lg-paragraph brz-css-mmg11\" data-generated-css=\"brz-css-rDO3w\" data-uniq-id=\"rcgVV\"><span style=\"background-color: transparent\" class=\"brz-cp-color2\">Unsere Aufgabe als Datenschutzbeauftragter besteht darin, Ihr Unternehmen bei der Einhaltung der DSGVO und anderer datenschutzrechtlicher Anforderungen zu unterst\u00fctzen. Wir entwickeln ma\u00dfgeschneiderte L\u00f6sungen, die nicht nur rechtlich korrekt, sondern auch effizient und praxistauglich sind.<\/span><\/p>\n<p class=\"brz-tp-lg-paragraph brz-mb-xs-m_25 brz-css-m2RSH\" data-generated-css=\"brz-css-b1Mnl\" data-uniq-id=\"fPFuU\"><span style=\"background-color: transparent\" class=\"brz-cp-color2\">Mit unserer Unterst\u00fctzung sichern Sie sich nicht nur rechtliche Sicherheit, sondern auch das Vertrauen Ihrer Kunden. <\/span><span style=\"background-color: transparent\" class=\"brz-cp-color2\">So k\u00f6nnen Sie sich auf Ihr Kerngesch\u00e4ft konzentrieren, w\u00e4hrend wir den Datenschutz in den Griff bekommen.<\/span><\/p>\n<\/div>\n<\/div>\n<\/div>\n<\/div>\n<\/div>\n<div class=\"brz-columns brz-css-17bqg42 brz-css-j9oz9w\" data-brz-custom-id=\"u6YmVtrJtAja\">\n<div class=\"brz-column__items brz-css-qmi7et brz-css-1o9z4dw\">\n<div id=\"\" class=\"brz-css-119ujn brz-css-efrqzd brz-wrapper\">\n<div class=\"brz-rich-text brz-rich-text__custom brz-css-1ufcugv brz-css-vr62qo\" data-brz-custom-id=\"yWZadHnXocVa\">\n<div data-brz-translate-text=\"1\">\n<p class=\"brz-tp-lg-paragraph brz-css-pN42N\" data-generated-css=\"brz-css-hwAAv\" data-uniq-id=\"wrfOx\"><span class=\"brz-cp-color2\" style=\"background-color: transparent\">Unsere bew\u00e4hrte Methodik beginnt mit einer umfassenden Analyse Ihrer bestehenden Datenschutzma\u00dfnahmen. Darauf aufbauend erstellen wir ein individuelles Datenschutzkonzept, implementieren die Ma\u00dfnahmen und sorgen f\u00fcr die kontinuierliche Verbesserung.<\/span><\/p>\n<p class=\"brz-tp-lg-paragraph brz-css-nbkds\" data-generated-css=\"brz-css-y58LR\" data-uniq-id=\"hPYlZ\"><span class=\"brz-cp-color2\" style=\"background-color: transparent\">Ob Sie ein mittelst\u00e4ndisches Unternehmen, ein Start-up oder eine Bildungseinrichtung sind \u2013 wir kennen die Herausforderungen, denen Sie im Datenschutz begegnen, und bieten Ihnen L\u00f6sungen, die passen.<\/span><\/p>\n<p class=\"brz-tp-lg-paragraph brz-css-s59JX\" data-generated-css=\"brz-css-a1tmr\" data-uniq-id=\"rgPgd\"><span class=\"brz-cp-color2\" style=\"background-color: transparent\">Unsere Experten sind T\u00dcV-zertifizierte Datenschutzbeauftragte in verschiedenen Branchen. Profitieren Sie von unserer Expertise und einem Partner, der Datenschutz versteht.<\/span><\/p>\n<p class=\"brz-tp-lg-paragraph brz-css-rorX6\" data-generated-css=\"brz-css-s76AD\" data-uniq-id=\"pJ3wL\"><span class=\"brz-cp-color2\" style=\"background-color: transparent\">Lassen Sie uns gemeinsam herausfinden, wie wir Ihr Unternehmen datenschutzrechtlich absichern k\u00f6nnen. Kontaktieren Sie uns jetzt f\u00fcr ein unverbindliches Beratungsgespr\u00e4ch.<\/span><\/p>\n<p class=\"brz-tp-lg-paragraph brz-css-bucXk\" data-generated-css=\"brz-css-rukQH\" data-uniq-id=\"faabB\"><\/p>\n<\/div>\n<\/div>\n<\/div>\n<\/div>\n<\/div>\n<\/div>\n<\/div>\n<div class=\"brz-row__container brz-css-1vgcnsd brz-css-17yy8qq\" data-brz-custom-id=\"x1iR_6yPCdML\">\n<div class=\"brz-row brz-css-1iisify brz-css-1xi30yb brz-css-4bbz8s\">\n<div class=\"brz-columns brz-css-17bqg42 brz-css-13kd8zp\" data-brz-custom-id=\"sKKvjY3BMmWC\">\n<div class=\"brz-column__items brz-css-qmi7et brz-css-1mumxp7\">\n<div id=\"\" class=\"brz-css-119ujn brz-css-cmjpdy brz-wrapper\">\n<div class=\"brz-image brz-css-1nta5u9 brz-css-yd7pcy\" data-brz-custom-id=\"alD7vSYNOSGH\"><img decoding=\"async\" class=\"brz-img\" src=\"https:\/\/www.beratungundschulung.com\/wp-content\/uploads\/2024\/12\/Datenschutz.webp\" alt=\"\" title=\"Datenschutz\" loading=\"lazy\"><\/div>\n<\/div>\n<\/div>\n<\/div>\n<div class=\"brz-columns brz-css-17bqg42 brz-css-1jlvgpp\" data-brz-custom-id=\"q_BbuKnNZaSe\">\n<div data-motion-scroll-vertical=\"%7B%22scrollStep%22%3A5%2C%22direction%22%3A%22down%22%2C%22viewport%22%3A%7B%22top%22%3A23%2C%22bottom%22%3A100%7D%7D\" data-motion-responsive=\"%5B%7B%22breakpoint%22%3A991%2C%22settings%22%3A%7B%22scroll%22%3A%5B%7B%22type%22%3A%22vertical%22%2C%22direction%22%3A%22down%22%2C%22scrollStep%22%3A5%2C%22viewport%22%3A%7B%22top%22%3A12%2C%22bottom%22%3A100%7D%7D%5D%7D%7D%2C%7B%22breakpoint%22%3A767%2C%22settings%22%3A%7B%7D%7D%5D\" class=\"brz-columns__scroll-effect brz-motion--effects\">\n<div class=\"brz-column__items brz-css-qmi7et brz-css-54wcqd\">\n<div class=\"brz-row__container brz-css-1vgcnsd brz-css-12uwyyd\" data-brz-custom-id=\"pRf2EsFbbAp4\">\n<div class=\"brz-bg\">\n<div class=\"brz-bg-color\"><\/div>\n<\/div>\n<div class=\"brz-row brz-row--inner brz-css-1iisify brz-css-y85h06\">\n<div class=\"brz-columns brz-css-17bqg42 brz-css-eifl3o\" data-brz-custom-id=\"wHHQYjjn4HXr\">\n<div class=\"brz-column__items brz-css-qmi7et brz-css-206irf\">\n<div id=\"\" class=\"brz-css-119ujn brz-css-oqu2rx brz-wrapper\">\n<div class=\"brz-rich-text brz-rich-text__custom brz-css-1ufcugv brz-css-1lvx0n4\" data-brz-custom-id=\"gXQlGwC_FrZM\">\n<div data-brz-translate-text=\"1\">\n<h2 class=\"brz-tp-lg-heading4 brz-css-x5QKA\" data-uniq-id=\"qUZMO\" data-generated-css=\"brz-css-o1Gxh\"><span class=\"brz-cp-color2\" style=\"background-color: transparent\">So gehen wir den Datenschutz bei unseren Kunden an:<\/span><\/h2>\n<\/div>\n<\/div>\n<\/div>\n<div id=\"\" class=\"brz-css-119ujn brz-css-q54ckt brz-wrapper\">\n<div class=\"brz-rich-text brz-rich-text__custom brz-css-1ufcugv brz-css-176pjy4\" data-brz-custom-id=\"aEGO4s1nKHEt\">\n<div data-brz-translate-text=\"1\">\n<p class=\"brz-bcp-color2 brz-tp-lg-paragraph brz-css-rbmcu\" data-uniq-id=\"tO5I9\" data-generated-css=\"brz-css-mk2L5\"><strong style=\"background-color: transparent\">Beratung und Umsetzung<\/strong><span style=\"background-color: transparent\">: Unterst\u00fctzung bei der Einf\u00fchrung und Einhaltung der DSGVO-Vorgaben in Ihrem Unternehmen. <\/span><\/p>\n<p class=\"brz-bcp-color2 brz-tp-lg-paragraph brz-css-lmeJV\" data-uniq-id=\"vDGW1\" data-generated-css=\"brz-css-vk0r5\"><strong style=\"background-color: transparent\">Risikobewertung<\/strong><span style=\"background-color: transparent\">: Analyse und Bewertung der Datenschutzrisiken in Ihren Prozessen.<\/span><\/p>\n<p class=\"brz-bcp-color2 brz-tp-lg-paragraph brz-css-nhLrs\" data-uniq-id=\"nlBSx\" data-generated-css=\"brz-css-rG0Ph\"><strong style=\"background-color: transparent\">Schulung und Sensibilisierung<\/strong><span style=\"background-color: transparent\">: Schulung Ihrer Mitarbeiter zum Thema Datenschutz und Sensibilisierung f\u00fcr den sicheren Umgang mit personenbezogenen Daten.<\/span><\/p>\n<p class=\"brz-bcp-color2 brz-tp-lg-paragraph brz-css-z3Vq5\" data-uniq-id=\"nOXMH\" data-generated-css=\"brz-css-kkdxt\"><strong style=\"background-color: transparent\">Dokumentation<\/strong><span style=\"background-color: transparent\">: Erstellung und Pflege von Verzeichnissen der Verarbeitungst\u00e4tigkeiten und weiteren Pflichtdokumenten.<\/span><\/p>\n<p class=\"brz-bcp-color2 brz-tp-lg-paragraph brz-css-t49wf\" data-uniq-id=\"x4c7E\" data-generated-css=\"brz-css-wLyNq\"><strong style=\"background-color: transparent\" class=\"brz-cp-color2\">Ansprechpartner<\/strong><span style=\"background-color: transparent\" class=\"brz-cp-color2\">: Funktion als Schnittstelle zwischen Ihrem Unternehmen, den Datenschutzbeh\u00f6rden und betroffenen Personen.<\/span><\/p>\n<\/div>\n<\/div>\n<\/div>\n<\/div>\n<\/div>\n<\/div>\n<\/div>\n<\/div>\n<\/div>\n<\/div>\n<\/div>\n<\/div>\n<div class=\"brz-wrapper-clone brz-flex-xs-wrap brz-css-vyqs4r brz-css-11vsuje\" data-brz-custom-id=\"azHSC_hzPYq0\"><a class=\"brz-a brz-btn brz-css-1xqces3 brz-css-q1ysiz brz-css-s0lpu3 brz-css-k8xlh7\" href=\"https:\/\/www.beratungundschulung.com\/en\/kontakt\/\" target=\"_self\" rel=\"noopener\" data-brz-link-type=\"external\" data-brz-custom-id=\"eVuGRaMmZjyb\"><span data-brz-translate-text=\"1\" class=\"brz-span brz-text__editor\">Kostenloses Erstgespr\u00e4ch vereinbaren<\/span><\/a><\/div>\n<\/div>\n<\/div>\n<\/section><\/div>\n<p><!-- version:1755217983 --><\/p>","protected":false},"excerpt":{"rendered":"<p>Datenschutz \/ Datenschutzbeauftragter In einer Welt, in der Daten das wertvollste Gut sind, ist Datenschutz nicht nur Pflicht, sondern auch ein Vertrauensfaktor f\u00fcr Kunden und Gesch\u00e4ftspartner. Mit der Datenschutz-Grundverordnung (DSGVO) sind Unternehmen in der EU verpflichtet, den Schutz personenbezogener Daten sicherzustellen. Ein erfahrener Datenschutzbeauftragter hilft Ihnen, diese Anforderungen rechtssicher umzusetzen. Unsere Aufgabe als Datenschutzbeauftragter besteht [&hellip;]<\/p>\n","protected":false},"author":4,"featured_media":0,"parent":0,"menu_order":0,"comment_status":"closed","ping_status":"closed","template":"","meta":{"footnotes":""},"class_list":["post-11306","page","type-page","status-publish","hentry"],"blocksy_meta":[],"yoast_head":"<!-- This site is optimized with the Yoast SEO plugin v27.4 - https:\/\/yoast.com\/product\/yoast-seo-wordpress\/ -->\n<title>Datenschutz \/ Datenschutzbeauftragter - BuS Beratung und Schulung<\/title>\n<meta name=\"robots\" content=\"index, follow, max-snippet:-1, max-image-preview:large, max-video-preview:-1\" \/>\n<link rel=\"canonical\" href=\"https:\/\/www.beratungundschulung.com\/en\/datenschutz-datenschutzbeauftragter\/\" \/>\n<meta property=\"og:locale\" content=\"en_GB\" \/>\n<meta property=\"og:type\" content=\"article\" \/>\n<meta property=\"og:title\" content=\"Datenschutz \/ Datenschutzbeauftragter - BuS Beratung und Schulung\" \/>\n<meta property=\"og:description\" content=\"Datenschutz \/ Datenschutzbeauftragter In einer Welt, in der Daten das wertvollste Gut sind, ist Datenschutz nicht nur Pflicht, sondern auch ein Vertrauensfaktor f\u00fcr Kunden und Gesch\u00e4ftspartner. Mit der Datenschutz-Grundverordnung (DSGVO) sind Unternehmen in der EU verpflichtet, den Schutz personenbezogener Daten sicherzustellen. Ein erfahrener Datenschutzbeauftragter hilft Ihnen, diese Anforderungen rechtssicher umzusetzen. Unsere Aufgabe als Datenschutzbeauftragter besteht [&hellip;]\" \/>\n<meta property=\"og:url\" content=\"https:\/\/www.beratungundschulung.com\/en\/datenschutz-datenschutzbeauftragter\/\" \/>\n<meta property=\"og:site_name\" content=\"BuS Beratung und Schulung\" \/>\n<meta property=\"article:modified_time\" content=\"2026-04-06T18:24:27+00:00\" \/>\n<meta property=\"og:image\" content=\"https:\/\/www.beratungundschulung.com\/wp-content\/uploads\/2024\/12\/Datenschutz.webp\" \/>\n<meta name=\"twitter:card\" content=\"summary_large_image\" \/>\n<script type=\"application\/ld+json\" class=\"yoast-schema-graph\">{\"@context\":\"https:\\\/\\\/schema.org\",\"@graph\":[{\"@type\":\"WebPage\",\"@id\":\"https:\\\/\\\/www.beratungundschulung.com\\\/datenschutz-datenschutzbeauftragter\\\/\",\"url\":\"https:\\\/\\\/www.beratungundschulung.com\\\/datenschutz-datenschutzbeauftragter\\\/\",\"name\":\"Datenschutz \\\/ Datenschutzbeauftragter - BuS Beratung und Schulung\",\"isPartOf\":{\"@id\":\"https:\\\/\\\/www.beratungundschulung.com\\\/#website\"},\"primaryImageOfPage\":{\"@id\":\"https:\\\/\\\/www.beratungundschulung.com\\\/datenschutz-datenschutzbeauftragter\\\/#primaryimage\"},\"image\":{\"@id\":\"https:\\\/\\\/www.beratungundschulung.com\\\/datenschutz-datenschutzbeauftragter\\\/#primaryimage\"},\"thumbnailUrl\":\"https:\\\/\\\/www.beratungundschulung.com\\\/wp-content\\\/uploads\\\/2024\\\/12\\\/Datenschutz.webp\",\"datePublished\":\"2024-12-05T12:42:22+00:00\",\"dateModified\":\"2026-04-06T18:24:27+00:00\",\"breadcrumb\":{\"@id\":\"https:\\\/\\\/www.beratungundschulung.com\\\/datenschutz-datenschutzbeauftragter\\\/#breadcrumb\"},\"inLanguage\":\"en-GB\",\"potentialAction\":[{\"@type\":\"ReadAction\",\"target\":[\"https:\\\/\\\/www.beratungundschulung.com\\\/datenschutz-datenschutzbeauftragter\\\/\"]}]},{\"@type\":\"ImageObject\",\"inLanguage\":\"en-GB\",\"@id\":\"https:\\\/\\\/www.beratungundschulung.com\\\/datenschutz-datenschutzbeauftragter\\\/#primaryimage\",\"url\":\"https:\\\/\\\/www.beratungundschulung.com\\\/wp-content\\\/uploads\\\/2024\\\/12\\\/Datenschutz.webp\",\"contentUrl\":\"https:\\\/\\\/www.beratungundschulung.com\\\/wp-content\\\/uploads\\\/2024\\\/12\\\/Datenschutz.webp\"},{\"@type\":\"BreadcrumbList\",\"@id\":\"https:\\\/\\\/www.beratungundschulung.com\\\/datenschutz-datenschutzbeauftragter\\\/#breadcrumb\",\"itemListElement\":[{\"@type\":\"ListItem\",\"position\":1,\"name\":\"Startseite\",\"item\":\"https:\\\/\\\/www.beratungundschulung.com\\\/\"},{\"@type\":\"ListItem\",\"position\":2,\"name\":\"Datenschutz \\\/ Datenschutzbeauftragter\"}]},{\"@type\":\"WebSite\",\"@id\":\"https:\\\/\\\/www.beratungundschulung.com\\\/#website\",\"url\":\"https:\\\/\\\/www.beratungundschulung.com\\\/\",\"name\":\"BuS Beratung und Schulung\",\"description\":\"\",\"publisher\":{\"@id\":\"https:\\\/\\\/www.beratungundschulung.com\\\/#organization\"},\"potentialAction\":[{\"@type\":\"SearchAction\",\"target\":{\"@type\":\"EntryPoint\",\"urlTemplate\":\"https:\\\/\\\/www.beratungundschulung.com\\\/?s={search_term_string}\"},\"query-input\":{\"@type\":\"PropertyValueSpecification\",\"valueRequired\":true,\"valueName\":\"search_term_string\"}}],\"inLanguage\":\"en-GB\"},{\"@type\":\"Organization\",\"@id\":\"https:\\\/\\\/www.beratungundschulung.com\\\/#organization\",\"name\":\"BuS Beratung und Schulung\",\"url\":\"https:\\\/\\\/www.beratungundschulung.com\\\/\",\"logo\":{\"@type\":\"ImageObject\",\"inLanguage\":\"en-GB\",\"@id\":\"https:\\\/\\\/www.beratungundschulung.com\\\/#\\\/schema\\\/logo\\\/image\\\/\",\"url\":\"https:\\\/\\\/www.beratungundschulung.com\\\/wp-content\\\/uploads\\\/2019\\\/03\\\/cropped-BUS-Logo-Vektor_001-web-1.png\",\"contentUrl\":\"https:\\\/\\\/www.beratungundschulung.com\\\/wp-content\\\/uploads\\\/2019\\\/03\\\/cropped-BUS-Logo-Vektor_001-web-1.png\",\"width\":600,\"height\":450,\"caption\":\"BuS Beratung und Schulung\"},\"image\":{\"@id\":\"https:\\\/\\\/www.beratungundschulung.com\\\/#\\\/schema\\\/logo\\\/image\\\/\"}}]}<\/script>\n<!-- \/ Yoast SEO plugin. -->","yoast_head_json":{"title":"Datenschutz \/ Datenschutzbeauftragter - BuS Beratung und Schulung","robots":{"index":"index","follow":"follow","max-snippet":"max-snippet:-1","max-image-preview":"max-image-preview:large","max-video-preview":"max-video-preview:-1"},"canonical":"https:\/\/www.beratungundschulung.com\/en\/datenschutz-datenschutzbeauftragter\/","og_locale":"en_GB","og_type":"article","og_title":"Datenschutz \/ Datenschutzbeauftragter - BuS Beratung und Schulung","og_description":"Datenschutz \/ Datenschutzbeauftragter In einer Welt, in der Daten das wertvollste Gut sind, ist Datenschutz nicht nur Pflicht, sondern auch ein Vertrauensfaktor f\u00fcr Kunden und Gesch\u00e4ftspartner. Mit der Datenschutz-Grundverordnung (DSGVO) sind Unternehmen in der EU verpflichtet, den Schutz personenbezogener Daten sicherzustellen. Ein erfahrener Datenschutzbeauftragter hilft Ihnen, diese Anforderungen rechtssicher umzusetzen. Unsere Aufgabe als Datenschutzbeauftragter besteht [&hellip;]","og_url":"https:\/\/www.beratungundschulung.com\/en\/datenschutz-datenschutzbeauftragter\/","og_site_name":"BuS Beratung und Schulung","article_modified_time":"2026-04-06T18:24:27+00:00","og_image":[{"url":"https:\/\/www.beratungundschulung.com\/wp-content\/uploads\/2024\/12\/Datenschutz.webp","type":"","width":"","height":""}],"twitter_card":"summary_large_image","schema":{"@context":"https:\/\/schema.org","@graph":[{"@type":"WebPage","@id":"https:\/\/www.beratungundschulung.com\/datenschutz-datenschutzbeauftragter\/","url":"https:\/\/www.beratungundschulung.com\/datenschutz-datenschutzbeauftragter\/","name":"Datenschutz \/ Datenschutzbeauftragter - BuS Beratung und Schulung","isPartOf":{"@id":"https:\/\/www.beratungundschulung.com\/#website"},"primaryImageOfPage":{"@id":"https:\/\/www.beratungundschulung.com\/datenschutz-datenschutzbeauftragter\/#primaryimage"},"image":{"@id":"https:\/\/www.beratungundschulung.com\/datenschutz-datenschutzbeauftragter\/#primaryimage"},"thumbnailUrl":"https:\/\/www.beratungundschulung.com\/wp-content\/uploads\/2024\/12\/Datenschutz.webp","datePublished":"2024-12-05T12:42:22+00:00","dateModified":"2026-04-06T18:24:27+00:00","breadcrumb":{"@id":"https:\/\/www.beratungundschulung.com\/datenschutz-datenschutzbeauftragter\/#breadcrumb"},"inLanguage":"en-GB","potentialAction":[{"@type":"ReadAction","target":["https:\/\/www.beratungundschulung.com\/datenschutz-datenschutzbeauftragter\/"]}]},{"@type":"ImageObject","inLanguage":"en-GB","@id":"https:\/\/www.beratungundschulung.com\/datenschutz-datenschutzbeauftragter\/#primaryimage","url":"https:\/\/www.beratungundschulung.com\/wp-content\/uploads\/2024\/12\/Datenschutz.webp","contentUrl":"https:\/\/www.beratungundschulung.com\/wp-content\/uploads\/2024\/12\/Datenschutz.webp"},{"@type":"BreadcrumbList","@id":"https:\/\/www.beratungundschulung.com\/datenschutz-datenschutzbeauftragter\/#breadcrumb","itemListElement":[{"@type":"ListItem","position":1,"name":"Startseite","item":"https:\/\/www.beratungundschulung.com\/"},{"@type":"ListItem","position":2,"name":"Datenschutz \/ Datenschutzbeauftragter"}]},{"@type":"WebSite","@id":"https:\/\/www.beratungundschulung.com\/#website","url":"https:\/\/www.beratungundschulung.com\/","name":"BuS Beratung und Schulung","description":"","publisher":{"@id":"https:\/\/www.beratungundschulung.com\/#organization"},"potentialAction":[{"@type":"SearchAction","target":{"@type":"EntryPoint","urlTemplate":"https:\/\/www.beratungundschulung.com\/?s={search_term_string}"},"query-input":{"@type":"PropertyValueSpecification","valueRequired":true,"valueName":"search_term_string"}}],"inLanguage":"en-GB"},{"@type":"Organization","@id":"https:\/\/www.beratungundschulung.com\/#organization","name":"BuS Beratung und Schulung","url":"https:\/\/www.beratungundschulung.com\/","logo":{"@type":"ImageObject","inLanguage":"en-GB","@id":"https:\/\/www.beratungundschulung.com\/#\/schema\/logo\/image\/","url":"https:\/\/www.beratungundschulung.com\/wp-content\/uploads\/2019\/03\/cropped-BUS-Logo-Vektor_001-web-1.png","contentUrl":"https:\/\/www.beratungundschulung.com\/wp-content\/uploads\/2019\/03\/cropped-BUS-Logo-Vektor_001-web-1.png","width":600,"height":450,"caption":"BuS Beratung und Schulung"},"image":{"@id":"https:\/\/www.beratungundschulung.com\/#\/schema\/logo\/image\/"}}]}},"brizy_media":[{"id":11337,"url":"https:\/\/www.beratungundschulung.com\/wp-content\/uploads\/2024\/12\/Datenschutz.webp","name":"Datenschutz.webp","meta":{"brizy_attachment_uid":"wp-b3047b2c78b40ba2bd94d2ad4194c39b.webp","brizy_post_uid":["ba6363adb013148a47adf45c03fabb87","5299b640877ee273e7e7341e4b819d8b"]}}],"_links":{"self":[{"href":"https:\/\/www.beratungundschulung.com\/en\/wp-json\/wp\/v2\/pages\/11306","targetHints":{"allow":["GET"]}}],"collection":[{"href":"https:\/\/www.beratungundschulung.com\/en\/wp-json\/wp\/v2\/pages"}],"about":[{"href":"https:\/\/www.beratungundschulung.com\/en\/wp-json\/wp\/v2\/types\/page"}],"author":[{"embeddable":true,"href":"https:\/\/www.beratungundschulung.com\/en\/wp-json\/wp\/v2\/users\/4"}],"replies":[{"embeddable":true,"href":"https:\/\/www.beratungundschulung.com\/en\/wp-json\/wp\/v2\/comments?post=11306"}],"version-history":[{"count":18,"href":"https:\/\/www.beratungundschulung.com\/en\/wp-json\/wp\/v2\/pages\/11306\/revisions"}],"predecessor-version":[{"id":12409,"href":"https:\/\/www.beratungundschulung.com\/en\/wp-json\/wp\/v2\/pages\/11306\/revisions\/12409"}],"wp:attachment":[{"href":"https:\/\/www.beratungundschulung.com\/en\/wp-json\/wp\/v2\/media?parent=11306"}],"curies":[{"name":"wp","href":"https:\/\/api.w.org\/{rel}","templated":true}]}}