{"id":11623,"date":"2024-12-13T22:02:46","date_gmt":"2024-12-13T22:02:46","guid":{"rendered":"https:\/\/bus-gbr.de\/?page_id=11623"},"modified":"2026-04-07T14:51:10","modified_gmt":"2026-04-07T13:51:10","slug":"gratis-downloads","status":"publish","type":"page","link":"https:\/\/www.beratungundschulung.com\/en\/gratis-downloads\/","title":{"rendered":"Gratis-Downloads"},"content":{"rendered":"<div class=\"brz brz-root__container brz-reset-all brz-root__container-page\">\n<section id=\"fd282c8321d7930e0640_wefj99AzhnNp\" class=\"brz-section brz-css-1ixkfti brz-css-pbmsfe\">\n<div class=\"brz-section__content brz-section--boxed brz-css-1etzziq brz-css-9f24gs\" data-brz-custom-id=\"kmiGvI9Dp2Pf\">\n<div class=\"brz-bg\">\n<div class=\"brz-bg-color\"><\/div>\n<\/div>\n<div class=\"brz-container brz-css-ig62f brz-css-1xr8kp9\">\n<div class=\"brz-row__container brz-css-1t0fux4 brz-css-z1eaoh\" data-brz-custom-id=\"torSqHmeIzg6\">\n<div class=\"brz-row brz-css-v4dp5s brz-css-gdoaor brz-css-13r6u84\">\n<div class=\"brz-columns brz-css-1qypfcp brz-css-pevdgt\" data-brz-custom-id=\"op0CGzELt3U0\">\n<div class=\"brz-column__items brz-css-1iew3nv brz-css-1iv0y2h\">\n<div id=\"\" class=\"brz-css-1fw6ic2 brz-css-18agnhe brz-wrapper\">\n<div class=\"brz-rich-text brz-rich-text__custom brz-css-1wi5stx brz-css-l6es3m\" data-brz-custom-id=\"kmMR1hRPK_uV\">\n<div data-brz-translate-text=\"1\">\n<p class=\"brz-fs-xs-15 brz-tp-xs-empty brz-fsft-xs-0 brz-fwdth-xs-100 brz-vfw-xs-400 brz-lh-xs-1_4 brz-ls-xs-0 brz-fw-xs-600 brz-fss-xs-px brz-text-xs-left brz-fsft-lg-0 brz-fwdth-lg-100 brz-vfw-lg-400 brz-lh-lg-1_9 brz-ls-lg-0 brz-fw-lg-600 brz-fss-lg-px brz-fs-lg-16 brz-ft-google brz-ff-raleway brz-tp-lg-empty brz-mb-lg-m_10 brz-css-j4nen\" data-uniq-id=\"v1StJ\" data-generated-css=\"brz-css-kJLxL\"><span class=\"brz-cp-color2\">Laden Sie Ihren kostenlosen Leitfaden herunter<\/span><\/p>\n<\/div>\n<\/div>\n<\/div>\n<div id=\"\" class=\"brz-css-1fw6ic2 brz-css-1s7ghra brz-wrapper\">\n<div class=\"brz-rich-text brz-rich-text__custom brz-css-1wi5stx brz-css-hv9jey\" data-brz-custom-id=\"rCXTPHCeunzn\">\n<div data-brz-translate-text=\"1\">\n<p class=\"brz-text-xs-left brz-tp-lg-heading3 brz-css-eTHSm\" data-uniq-id=\"rVjWC\" data-generated-css=\"brz-css-yDdnP\"><span class=\"brz-cp-color2\">Beginnen Sie, Ihr Team und Ihr Unternehmen zu sch\u00fctzen.<\/span><\/p>\n<\/div>\n<\/div>\n<\/div>\n<div id=\"\" class=\"brz-css-1fw6ic2 brz-css-1nwqt9e brz-wrapper\">\n<div class=\"brz-rich-text brz-rich-text__custom brz-css-1wi5stx brz-css-tq1ifj\" data-brz-custom-id=\"a2IDsZNEiRXr\">\n<div data-brz-translate-text=\"1\">\n<p class=\"brz-text-xs-left brz-tp-lg-empty brz-ff-raleway brz-ft-google brz-fs-lg-14 brz-fss-lg-px brz-fw-lg-400 brz-ls-lg-0 brz-lh-lg-1_9 brz-vfw-lg-400 brz-fwdth-lg-100 brz-fsft-lg-0 brz-css-c8yes\" data-generated-css=\"brz-css-iI5eq\" data-uniq-id=\"zzTLS\"><span style=\"background-color: transparent\" class=\"brz-cp-color2\">Dieser praktische, leicht zu befolgende Leitfaden wird Ihnen helfen, ein sicheres Umfeld f\u00fcr Ihre Mitarbeiter zu schaffen und die Sicherheitskultur in Ihrem Unternehmen zu verbessern, unabh\u00e4ngig von Ihrer Branche. Denken Sie daran, dass Sicherheit eine st\u00e4ndige Verpflichtung ist und kleine \u00c4nderungen eine gro\u00dfe Wirkung haben k\u00f6nnen.<\/span><\/p>\n<\/div>\n<\/div>\n<\/div>\n<div id=\"\" class=\"brz-css-1fw6ic2 brz-css-16q8qw0 brz-wrapper\">\n<div data-brz-form-version=\"2\" class=\"brz-forms2 brz-css-1hg1yk0 brz-css-qlz84v\" data-brz-custom-id=\"u4tlWO72Ckt1\">\n<div data-brz-translate-text=\"1\" class=\"brz-forms2__item brz-css-dt8i9y brz-css-18n12i5 brz-css-1mrjahw brz-css-1fvxmsq\"><\/div>\n<div data-brz-translate-text=\"1\" class=\"brz-forms2__item brz-css-dt8i9y brz-css-18n12i5 brz-css-1mrjahw brz-css-1o8rdqo\"><\/div>\n<div data-brz-translate-text=\"1\" class=\"brz-forms2__item brz-css-dt8i9y brz-css-18n12i5 brz-css-1mrjahw brz-css-ygy95g\">\n<div class=\"brz-forms2__field brz-forms2__checkbox\">\n<div class=\"brz-control__check-group brz-forms2__checkbox-options\">\n<div data-brz-translate-text=\"1\" class=\"brz-control__check-group-option brz-forms2__checkbox-option\"><label class=\"brz-label\" for=\"noLFiz6dNpx1\"><\/p>\n<div class=\"brz-control__check-group-icon brz-control__check-group--check\"><\/div>\n<div class=\"brz-control__check-group-icon brz-control__check-group--uncheck\"><\/div>\n<p><span class=\"brz-forms2__checkbox-option-name brz-span\">Datenschutzbestimmungen akzeptieren<br \/>\nDie Informationen, die Sie in diesem Formular angeben, werden ausschlie\u00dflich dazu verwendet, Sie mit aktuellen Informationen und personalisierten Marketingmaterialien zu versorgen.<br \/>\nIhre Privatsph\u00e4re ist uns wichtig!<br \/>\n<\/span><\/label><\/div>\n<\/div>\n<\/div>\n<\/div>\n<div data-brz-translate-text=\"1\" class=\"brz-forms2__item brz-css-dt8i9y brz-css-18n12i5 brz-css-1mrjahw brz-css-1si04wo\">\n<div class=\"brz-forms2__field brz-forms2__checkbox\">\n<div class=\"brz-control__check-group brz-forms2__checkbox-options\">\n<div data-brz-translate-text=\"1\" class=\"brz-control__check-group-option brz-forms2__checkbox-option\"><label class=\"brz-label\" for=\"z7byvr6vbGdF\"><\/p>\n<div class=\"brz-control__check-group-icon brz-control__check-group--check\"><\/div>\n<div class=\"brz-control__check-group-icon brz-control__check-group--uncheck\"><\/div>\n<p><span class=\"brz-forms2__checkbox-option-name brz-span\">Abonnieren Sie meine E-Mail-Liste<br \/>\n<\/span><\/label><\/div>\n<\/div>\n<\/div>\n<\/div>\n<div data-brz-translate-text=\"1\" class=\"brz-forms2__item brz-css-dt8i9y brz-css-18n12i5 brz-css-1mrjahw brz-css-1m8kutj\">\n<div class=\"brz-forms2__field brz-forms2__checkbox\">\n<div class=\"brz-control__check-group brz-forms2__checkbox-options\"><\/div>\n<\/div>\n<\/div>\n<div class=\"brz-forms2 brz-forms2__item brz-forms2__item-button\" data-brz-custom-id=\"u4tlWO72Ckt1\"><button class=\"brz-btn brz-btn-submit brz-css-11mw3m3 brz-css-gwatt2\" data-brz-custom-id=\"kqPUCx9q9IwN\"><span data-brz-translate-text=\"1\" class=\"brz-span brz-text__editor\">Werden Sie jetzt aktiv!<\/span><\/button><\/div>\n<div class=\"brz-g-recaptcha\" data-sitekey=\"\" data-size=\"invisible\" data-callback=\"brzFormV2Captcha\"><\/div>\n<\/div>\n<\/div>\n<\/div>\n<\/div>\n<div class=\"brz-columns brz-css-1qypfcp brz-css-qsxf1o\" data-brz-custom-id=\"eSq62aotfIQr\">\n<div class=\"brz-column__items brz-css-1iew3nv brz-css-zgqu2j\">\n<div id=\"\" class=\"brz-css-1fw6ic2 brz-css-5mdzip brz-wrapper\">\n<div class=\"brz-image brz-css-6hn4dw brz-css-x63fpf\" data-brz-custom-id=\"nRiNenbvqKer\"><img decoding=\"async\" class=\"brz-img\" src=\"https:\/\/www.beratungundschulung.com\/wp-content\/uploads\/2025\/08\/bus_gratis_download.webp\" alt=\"\" title=\"bus_gratis_download\" loading=\"lazy\"><\/div>\n<\/div>\n<\/div>\n<\/div>\n<\/div>\n<\/div>\n<\/div>\n<\/div>\n<\/section>\n<section id=\"fd6c6979585fb557a120_vwWOjA5XAABb\" class=\"brz-section brz-css-18027xi brz-css-12qijh9\">\n<div class=\"brz-section__content brz-section--fullWidth brz-css-11ggt40 brz-css-1xewrgn\" data-brz-custom-id=\"o4L_sK36V_WN\">\n<div class=\"brz-bg\">\n<div class=\"brz-bg-color\"><\/div>\n<\/div>\n<div class=\"brz-container brz-css-hp7u5p brz-css-1gn3cyp\">\n<div class=\"brz-row__container brz-css-12rrzpx brz-css-7zhfau\" data-brz-custom-id=\"qHl92f6xV49y\">\n<div class=\"brz-row brz-css-s30n36 brz-css-ec1q7d brz-css-17clqfa\">\n<div class=\"brz-columns brz-css-kkasxm brz-css-17cz0s9\" data-brz-custom-id=\"kfaWbTnsRXPB\">\n<div class=\"brz-bg\">\n<div class=\"brz-bg-image\"><\/div>\n<div class=\"brz-bg-color\"><\/div>\n<\/div>\n<div class=\"brz-column__items brz-css-1ku0iix brz-css-thd2ii\">\n<div id=\"\" class=\"brz-css-y9o27f brz-css-d2smye brz-wrapper\">\n<div class=\"brz-rich-text brz-rich-text__custom brz-css-ze8nmw brz-css-1duhcr7\" data-brz-custom-id=\"ijAZNWqV3AGe\">\n<div data-brz-translate-text=\"1\">\n<p class=\"brz-mb-lg-m_10 brz-tp-lg-empty brz-ff-raleway brz-ft-google brz-fs-lg-16 brz-fss-lg-px brz-fw-lg-600 brz-ls-lg-0 brz-lh-lg-1_9 brz-vfw-lg-400 brz-fwdth-lg-100 brz-fsft-lg-0 brz-text-xs-left brz-fss-xs-px brz-fw-xs-600 brz-ls-xs-0 brz-lh-xs-1_4 brz-vfw-xs-400 brz-fwdth-xs-100 brz-fsft-xs-0 brz-tp-xs-empty brz-fs-xs-15 brz-css-vMANe\" data-generated-css=\"brz-css-zqiW8\" data-uniq-id=\"yBJvA\"><span class=\"brz-cp-color8\">Laden Sie Ihren kostenlosen Leitfaden herunter<\/span><\/p>\n<\/div>\n<\/div>\n<\/div>\n<div id=\"\" class=\"brz-css-y9o27f brz-css-cppvds brz-wrapper\">\n<div class=\"brz-rich-text brz-rich-text__custom brz-css-ze8nmw brz-css-eic9mn\" data-brz-custom-id=\"iMYXloa6dkxr\">\n<div data-brz-translate-text=\"1\">\n<p class=\"brz-tp-lg-heading3 brz-text-xs-left brz-css-u9NbI\" data-generated-css=\"brz-css-vYjku\" data-uniq-id=\"mbMQ2\"><span class=\"brz-cp-color8\">Beginnen Sie, Ihr Team und Ihr Unternehmen zu sch\u00fctzen.<\/span><\/p>\n<\/div>\n<\/div>\n<\/div>\n<div id=\"\" class=\"brz-css-y9o27f brz-css-16l4kfm brz-wrapper\">\n<div class=\"brz-rich-text brz-rich-text__custom brz-css-ze8nmw brz-css-1evjqvb\" data-brz-custom-id=\"oRbCs3e_YbMd\">\n<div data-brz-translate-text=\"1\">\n<p class=\"brz-fsft-lg-0 brz-fwdth-lg-100 brz-vfw-lg-400 brz-lh-lg-1_9 brz-ls-lg-0 brz-fw-lg-400 brz-fss-lg-px brz-fs-lg-14 brz-ft-google brz-ff-raleway brz-tp-lg-empty brz-text-xs-left brz-css-ud6TH\" data-uniq-id=\"pDOsP\" data-generated-css=\"brz-css-pXDv5\"><span style=\"background-color: transparent\" class=\"brz-cp-color8\">Dieser praktische, leicht zu befolgende Leitfaden wird Ihnen helfen, ein sicheres Umfeld f\u00fcr Ihre Mitarbeiter zu schaffen und die Sicherheitskultur in Ihrem Unternehmen zu verbessern, unabh\u00e4ngig von Ihrer Branche. Denken Sie daran, dass Sicherheit eine st\u00e4ndige Verpflichtung ist und kleine \u00c4nderungen eine gro\u00dfe Wirkung haben k\u00f6nnen.<\/span><\/p>\n<\/div>\n<\/div>\n<\/div>\n<div id=\"\" class=\"brz-css-y9o27f brz-css-nccn8a brz-wrapper\">\n<div data-brz-form-version=\"2\" class=\"brz-forms2 brz-css-1rjomiw brz-css-1u22gjc\" data-brz-custom-id=\"jPwwPQmL7Aqz\">\n<div data-brz-translate-text=\"1\" class=\"brz-forms2__item brz-css-121rcq8 brz-css-1sys1jd brz-css-17yqevr brz-css-ljqizo\"><\/div>\n<div data-brz-translate-text=\"1\" class=\"brz-forms2__item brz-css-121rcq8 brz-css-1sys1jd brz-css-17yqevr brz-css-6og1c6\"><\/div>\n<div data-brz-translate-text=\"1\" class=\"brz-forms2__item brz-css-121rcq8 brz-css-1sys1jd brz-css-17yqevr brz-css-f2b6mf\">\n<div class=\"brz-forms2__field brz-forms2__checkbox\">\n<div class=\"brz-control__check-group brz-forms2__checkbox-options\">\n<div data-brz-translate-text=\"1\" class=\"brz-control__check-group-option brz-forms2__checkbox-option\"><label class=\"brz-label\" for=\"w_uyRGsxM0oQ\"><\/p>\n<div class=\"brz-control__check-group-icon brz-control__check-group--check\"><\/div>\n<div class=\"brz-control__check-group-icon brz-control__check-group--uncheck\"><\/div>\n<p><span class=\"brz-forms2__checkbox-option-name brz-span\">Datenschutzbestimmungen akzeptieren<br \/>\nDie Informationen, die Sie in diesem Formular angeben, werden ausschlie\u00dflich dazu verwendet, Sie mit aktuellen Informationen und personalisierten Marketingmaterialien zu versorgen.<br \/>\nIhre Privatsph\u00e4re ist uns wichtig!<br \/>\n<\/span><\/label><\/div>\n<\/div>\n<\/div>\n<\/div>\n<div data-brz-translate-text=\"1\" class=\"brz-forms2__item brz-css-121rcq8 brz-css-1sys1jd brz-css-17yqevr brz-css-flufdy\">\n<div class=\"brz-forms2__field brz-forms2__checkbox\">\n<div class=\"brz-control__check-group brz-forms2__checkbox-options\">\n<div data-brz-translate-text=\"1\" class=\"brz-control__check-group-option brz-forms2__checkbox-option\"><label class=\"brz-label\" for=\"djzgeA6F6iF8\"><\/p>\n<div class=\"brz-control__check-group-icon brz-control__check-group--check\"><\/div>\n<div class=\"brz-control__check-group-icon brz-control__check-group--uncheck\"><\/div>\n<p><span class=\"brz-forms2__checkbox-option-name brz-span\">Abonnieren Sie meine E-Mail-Liste<br \/>\n<\/span><\/label><\/div>\n<\/div>\n<\/div>\n<\/div>\n<div data-brz-translate-text=\"1\" class=\"brz-forms2__item brz-css-121rcq8 brz-css-1sys1jd brz-css-17yqevr brz-css-1g41mqx\">\n<div class=\"brz-forms2__field brz-forms2__checkbox\">\n<div class=\"brz-control__check-group brz-forms2__checkbox-options\"><\/div>\n<\/div>\n<\/div>\n<div class=\"brz-forms2 brz-forms2__item brz-forms2__item-button\" data-brz-custom-id=\"jPwwPQmL7Aqz\"><button class=\"brz-btn brz-btn-submit brz-css-1bh9s2 brz-css-1rz7i7n\" data-brz-custom-id=\"ds8q1jl45LrR\"><span data-brz-translate-text=\"1\" class=\"brz-span brz-text__editor\">Werden Sie jetzt aktiv!<\/span><\/button><\/div>\n<div class=\"brz-g-recaptcha\" data-sitekey=\"\" data-size=\"invisible\" data-callback=\"brzFormV2Captcha\"><\/div>\n<\/div>\n<\/div>\n<div id=\"\" class=\"brz-css-y9o27f brz-css-epoko9 brz-wrapper\">\n<div class=\"brz-line brz-line-default brz-css-1n7izw7 brz-css-1iqae8o\" data-brz-custom-id=\"m57h2T5MjgtZ\">\n<hr class=\"brz-hr\"><\/div>\n<\/div>\n<\/div>\n<\/div>\n<\/div>\n<\/div>\n<\/div>\n<\/div>\n<\/section><\/div>\n<p><!-- version:1755174757 --><\/p>","protected":false},"excerpt":{"rendered":"<p>Laden Sie Ihren kostenlosen Leitfaden herunter Beginnen Sie, Ihr Team und Ihr Unternehmen zu sch\u00fctzen. Dieser praktische, leicht zu befolgende Leitfaden wird Ihnen helfen, ein sicheres Umfeld f\u00fcr Ihre Mitarbeiter zu schaffen und die Sicherheitskultur in Ihrem Unternehmen zu verbessern, unabh\u00e4ngig von Ihrer Branche. Denken Sie daran, dass Sicherheit eine st\u00e4ndige Verpflichtung ist und kleine [&hellip;]<\/p>\n","protected":false},"author":4,"featured_media":0,"parent":0,"menu_order":0,"comment_status":"closed","ping_status":"closed","template":"","meta":{"footnotes":""},"class_list":["post-11623","page","type-page","status-publish","hentry"],"blocksy_meta":[],"yoast_head":"<!-- This site is optimized with the Yoast SEO plugin v27.4 - https:\/\/yoast.com\/product\/yoast-seo-wordpress\/ -->\n<title>Gratis-Downloads - BuS Beratung und Schulung<\/title>\n<meta name=\"robots\" content=\"index, follow, max-snippet:-1, max-image-preview:large, max-video-preview:-1\" \/>\n<link rel=\"canonical\" href=\"https:\/\/www.beratungundschulung.com\/en\/gratis-downloads\/\" \/>\n<meta property=\"og:locale\" content=\"en_GB\" \/>\n<meta property=\"og:type\" content=\"article\" \/>\n<meta property=\"og:title\" content=\"Gratis-Downloads - BuS Beratung und Schulung\" \/>\n<meta property=\"og:description\" content=\"Laden Sie Ihren kostenlosen Leitfaden herunter Beginnen Sie, Ihr Team und Ihr Unternehmen zu sch\u00fctzen. Dieser praktische, leicht zu befolgende Leitfaden wird Ihnen helfen, ein sicheres Umfeld f\u00fcr Ihre Mitarbeiter zu schaffen und die Sicherheitskultur in Ihrem Unternehmen zu verbessern, unabh\u00e4ngig von Ihrer Branche. Denken Sie daran, dass Sicherheit eine st\u00e4ndige Verpflichtung ist und kleine [&hellip;]\" \/>\n<meta property=\"og:url\" content=\"https:\/\/www.beratungundschulung.com\/en\/gratis-downloads\/\" \/>\n<meta property=\"og:site_name\" content=\"BuS Beratung und Schulung\" \/>\n<meta property=\"article:modified_time\" content=\"2026-04-07T13:51:10+00:00\" \/>\n<meta property=\"og:image\" content=\"https:\/\/www.beratungundschulung.com\/wp-content\/uploads\/2025\/08\/bus_gratis_download.webp\" \/>\n<meta name=\"twitter:card\" content=\"summary_large_image\" \/>\n<meta name=\"twitter:label1\" content=\"Estimated reading time\" \/>\n\t<meta name=\"twitter:data1\" content=\"2 minutes\" \/>\n<script type=\"application\/ld+json\" class=\"yoast-schema-graph\">{\"@context\":\"https:\\\/\\\/schema.org\",\"@graph\":[{\"@type\":\"WebPage\",\"@id\":\"https:\\\/\\\/www.beratungundschulung.com\\\/gratis-downloads\\\/\",\"url\":\"https:\\\/\\\/www.beratungundschulung.com\\\/gratis-downloads\\\/\",\"name\":\"Gratis-Downloads - BuS Beratung und Schulung\",\"isPartOf\":{\"@id\":\"https:\\\/\\\/www.beratungundschulung.com\\\/#website\"},\"primaryImageOfPage\":{\"@id\":\"https:\\\/\\\/www.beratungundschulung.com\\\/gratis-downloads\\\/#primaryimage\"},\"image\":{\"@id\":\"https:\\\/\\\/www.beratungundschulung.com\\\/gratis-downloads\\\/#primaryimage\"},\"thumbnailUrl\":\"https:\\\/\\\/www.beratungundschulung.com\\\/wp-content\\\/uploads\\\/2025\\\/08\\\/bus_gratis_download.webp\",\"datePublished\":\"2024-12-13T22:02:46+00:00\",\"dateModified\":\"2026-04-07T13:51:10+00:00\",\"breadcrumb\":{\"@id\":\"https:\\\/\\\/www.beratungundschulung.com\\\/gratis-downloads\\\/#breadcrumb\"},\"inLanguage\":\"en-GB\",\"potentialAction\":[{\"@type\":\"ReadAction\",\"target\":[\"https:\\\/\\\/www.beratungundschulung.com\\\/gratis-downloads\\\/\"]}]},{\"@type\":\"ImageObject\",\"inLanguage\":\"en-GB\",\"@id\":\"https:\\\/\\\/www.beratungundschulung.com\\\/gratis-downloads\\\/#primaryimage\",\"url\":\"https:\\\/\\\/www.beratungundschulung.com\\\/wp-content\\\/uploads\\\/2025\\\/08\\\/bus_gratis_download.webp\",\"contentUrl\":\"https:\\\/\\\/www.beratungundschulung.com\\\/wp-content\\\/uploads\\\/2025\\\/08\\\/bus_gratis_download.webp\"},{\"@type\":\"BreadcrumbList\",\"@id\":\"https:\\\/\\\/www.beratungundschulung.com\\\/gratis-downloads\\\/#breadcrumb\",\"itemListElement\":[{\"@type\":\"ListItem\",\"position\":1,\"name\":\"Startseite\",\"item\":\"https:\\\/\\\/www.beratungundschulung.com\\\/\"},{\"@type\":\"ListItem\",\"position\":2,\"name\":\"Gratis-Downloads\"}]},{\"@type\":\"WebSite\",\"@id\":\"https:\\\/\\\/www.beratungundschulung.com\\\/#website\",\"url\":\"https:\\\/\\\/www.beratungundschulung.com\\\/\",\"name\":\"BuS Beratung und Schulung\",\"description\":\"\",\"publisher\":{\"@id\":\"https:\\\/\\\/www.beratungundschulung.com\\\/#organization\"},\"potentialAction\":[{\"@type\":\"SearchAction\",\"target\":{\"@type\":\"EntryPoint\",\"urlTemplate\":\"https:\\\/\\\/www.beratungundschulung.com\\\/?s={search_term_string}\"},\"query-input\":{\"@type\":\"PropertyValueSpecification\",\"valueRequired\":true,\"valueName\":\"search_term_string\"}}],\"inLanguage\":\"en-GB\"},{\"@type\":\"Organization\",\"@id\":\"https:\\\/\\\/www.beratungundschulung.com\\\/#organization\",\"name\":\"BuS Beratung und Schulung\",\"url\":\"https:\\\/\\\/www.beratungundschulung.com\\\/\",\"logo\":{\"@type\":\"ImageObject\",\"inLanguage\":\"en-GB\",\"@id\":\"https:\\\/\\\/www.beratungundschulung.com\\\/#\\\/schema\\\/logo\\\/image\\\/\",\"url\":\"https:\\\/\\\/www.beratungundschulung.com\\\/wp-content\\\/uploads\\\/2019\\\/03\\\/cropped-BUS-Logo-Vektor_001-web-1.png\",\"contentUrl\":\"https:\\\/\\\/www.beratungundschulung.com\\\/wp-content\\\/uploads\\\/2019\\\/03\\\/cropped-BUS-Logo-Vektor_001-web-1.png\",\"width\":600,\"height\":450,\"caption\":\"BuS Beratung und Schulung\"},\"image\":{\"@id\":\"https:\\\/\\\/www.beratungundschulung.com\\\/#\\\/schema\\\/logo\\\/image\\\/\"}}]}<\/script>\n<!-- \/ Yoast SEO plugin. -->","yoast_head_json":{"title":"Gratis-Downloads - BuS Beratung und Schulung","robots":{"index":"index","follow":"follow","max-snippet":"max-snippet:-1","max-image-preview":"max-image-preview:large","max-video-preview":"max-video-preview:-1"},"canonical":"https:\/\/www.beratungundschulung.com\/en\/gratis-downloads\/","og_locale":"en_GB","og_type":"article","og_title":"Gratis-Downloads - BuS Beratung und Schulung","og_description":"Laden Sie Ihren kostenlosen Leitfaden herunter Beginnen Sie, Ihr Team und Ihr Unternehmen zu sch\u00fctzen. Dieser praktische, leicht zu befolgende Leitfaden wird Ihnen helfen, ein sicheres Umfeld f\u00fcr Ihre Mitarbeiter zu schaffen und die Sicherheitskultur in Ihrem Unternehmen zu verbessern, unabh\u00e4ngig von Ihrer Branche. Denken Sie daran, dass Sicherheit eine st\u00e4ndige Verpflichtung ist und kleine [&hellip;]","og_url":"https:\/\/www.beratungundschulung.com\/en\/gratis-downloads\/","og_site_name":"BuS Beratung und Schulung","article_modified_time":"2026-04-07T13:51:10+00:00","og_image":[{"url":"https:\/\/www.beratungundschulung.com\/wp-content\/uploads\/2025\/08\/bus_gratis_download.webp","type":"","width":"","height":""}],"twitter_card":"summary_large_image","twitter_misc":{"Estimated reading time":"2 minutes"},"schema":{"@context":"https:\/\/schema.org","@graph":[{"@type":"WebPage","@id":"https:\/\/www.beratungundschulung.com\/gratis-downloads\/","url":"https:\/\/www.beratungundschulung.com\/gratis-downloads\/","name":"Gratis-Downloads - BuS Beratung und Schulung","isPartOf":{"@id":"https:\/\/www.beratungundschulung.com\/#website"},"primaryImageOfPage":{"@id":"https:\/\/www.beratungundschulung.com\/gratis-downloads\/#primaryimage"},"image":{"@id":"https:\/\/www.beratungundschulung.com\/gratis-downloads\/#primaryimage"},"thumbnailUrl":"https:\/\/www.beratungundschulung.com\/wp-content\/uploads\/2025\/08\/bus_gratis_download.webp","datePublished":"2024-12-13T22:02:46+00:00","dateModified":"2026-04-07T13:51:10+00:00","breadcrumb":{"@id":"https:\/\/www.beratungundschulung.com\/gratis-downloads\/#breadcrumb"},"inLanguage":"en-GB","potentialAction":[{"@type":"ReadAction","target":["https:\/\/www.beratungundschulung.com\/gratis-downloads\/"]}]},{"@type":"ImageObject","inLanguage":"en-GB","@id":"https:\/\/www.beratungundschulung.com\/gratis-downloads\/#primaryimage","url":"https:\/\/www.beratungundschulung.com\/wp-content\/uploads\/2025\/08\/bus_gratis_download.webp","contentUrl":"https:\/\/www.beratungundschulung.com\/wp-content\/uploads\/2025\/08\/bus_gratis_download.webp"},{"@type":"BreadcrumbList","@id":"https:\/\/www.beratungundschulung.com\/gratis-downloads\/#breadcrumb","itemListElement":[{"@type":"ListItem","position":1,"name":"Startseite","item":"https:\/\/www.beratungundschulung.com\/"},{"@type":"ListItem","position":2,"name":"Gratis-Downloads"}]},{"@type":"WebSite","@id":"https:\/\/www.beratungundschulung.com\/#website","url":"https:\/\/www.beratungundschulung.com\/","name":"BuS Beratung und Schulung","description":"","publisher":{"@id":"https:\/\/www.beratungundschulung.com\/#organization"},"potentialAction":[{"@type":"SearchAction","target":{"@type":"EntryPoint","urlTemplate":"https:\/\/www.beratungundschulung.com\/?s={search_term_string}"},"query-input":{"@type":"PropertyValueSpecification","valueRequired":true,"valueName":"search_term_string"}}],"inLanguage":"en-GB"},{"@type":"Organization","@id":"https:\/\/www.beratungundschulung.com\/#organization","name":"BuS Beratung und Schulung","url":"https:\/\/www.beratungundschulung.com\/","logo":{"@type":"ImageObject","inLanguage":"en-GB","@id":"https:\/\/www.beratungundschulung.com\/#\/schema\/logo\/image\/","url":"https:\/\/www.beratungundschulung.com\/wp-content\/uploads\/2019\/03\/cropped-BUS-Logo-Vektor_001-web-1.png","contentUrl":"https:\/\/www.beratungundschulung.com\/wp-content\/uploads\/2019\/03\/cropped-BUS-Logo-Vektor_001-web-1.png","width":600,"height":450,"caption":"BuS Beratung und Schulung"},"image":{"@id":"https:\/\/www.beratungundschulung.com\/#\/schema\/logo\/image\/"}}]}},"brizy_media":[{"id":11570,"url":"https:\/\/www.beratungundschulung.com\/wp-content\/uploads\/2024\/12\/Captura-de-pantalla-2024-12-11-210001.webp","name":"Captura-de-pantalla-2024-12-11-210001.webp","meta":{"brizy_attachment_uid":"wp-8e1338dc82d39768ec3a563045b0468c.webp","brizy_post_uid":["18571a32746c358090ff5c583408017c","1ecb94b5c63560dbacd352c53f8d9fc9"]}},{"id":11826,"url":"https:\/\/www.beratungundschulung.com\/wp-content\/uploads\/2025\/04\/Mike-maldener-BuS-Beratung-und-Schulug-Newsletter-de-correo-electronico-1.webp","name":"Mike-maldener-BuS-Beratung-und-Schulug-Newsletter-de-correo-electronico-1.webp","meta":{"brizy_attachment_uid":"wp-df2d0471beda3b171bcca79c20d362ea.webp","brizy_post_uid":["1ecb94b5c63560dbacd352c53f8d9fc9","f6a0e09c687c07a9910aeecb979442cc","13a7e456876eb9095b3bf921dc2aeaa6"]}},{"id":12381,"url":"https:\/\/www.beratungundschulung.com\/wp-content\/uploads\/2025\/08\/bus_gratis_download.webp","name":"bus_gratis_download.webp","meta":{"brizy_attachment_uid":"wp-0c3ee39d27072dbd2198de3a44899343.webp","brizy_post_uid":["1ecb94b5c63560dbacd352c53f8d9fc9"]}}],"_links":{"self":[{"href":"https:\/\/www.beratungundschulung.com\/en\/wp-json\/wp\/v2\/pages\/11623","targetHints":{"allow":["GET"]}}],"collection":[{"href":"https:\/\/www.beratungundschulung.com\/en\/wp-json\/wp\/v2\/pages"}],"about":[{"href":"https:\/\/www.beratungundschulung.com\/en\/wp-json\/wp\/v2\/types\/page"}],"author":[{"embeddable":true,"href":"https:\/\/www.beratungundschulung.com\/en\/wp-json\/wp\/v2\/users\/4"}],"replies":[{"embeddable":true,"href":"https:\/\/www.beratungundschulung.com\/en\/wp-json\/wp\/v2\/comments?post=11623"}],"version-history":[{"count":17,"href":"https:\/\/www.beratungundschulung.com\/en\/wp-json\/wp\/v2\/pages\/11623\/revisions"}],"predecessor-version":[{"id":12384,"href":"https:\/\/www.beratungundschulung.com\/en\/wp-json\/wp\/v2\/pages\/11623\/revisions\/12384"}],"wp:attachment":[{"href":"https:\/\/www.beratungundschulung.com\/en\/wp-json\/wp\/v2\/media?parent=11623"}],"curies":[{"name":"wp","href":"https:\/\/api.w.org\/{rel}","templated":true}]}}