{"id":9876,"date":"2023-07-01T17:49:02","date_gmt":"2023-07-01T17:49:02","guid":{"rendered":"https:\/\/bus-gbr.de\/?page_id=9876"},"modified":"2026-04-06T17:11:53","modified_gmt":"2026-04-06T16:11:53","slug":"gefahrgut","status":"publish","type":"page","link":"https:\/\/www.beratungundschulung.com\/en\/gefahrgut\/","title":{"rendered":"Gefahrgut"},"content":{"rendered":"<div class=\"brz brz-root__container brz-reset-all brz-root__container-page\">\n<section id=\"920b033824b978819e40_b9L0BoOua3tY\" class=\"brz-section brz-css-h6p0w6 brz-css-1dl0p6p\">\n<div class=\"brz-section__content brz-section--boxed brz-css-1ddoa96 brz-css-1ogptsj\" data-brz-custom-id=\"cpGQk7ZYSmTK\">\n<div class=\"brz-bg\">\n<div class=\"brz-bg-color\"><\/div>\n<\/div>\n<div class=\"brz-container brz-css-jr3ews brz-css-xlupvz\">\n<div id=\"\" class=\"brz-css-1vogd41 brz-css-167j9y5 brz-wrapper\">\n<div class=\"brz-rich-text brz-rich-text__custom brz-css-1ylgs6u brz-css-p1xny6\" data-brz-custom-id=\"zVOKGmgVaxqM\">\n<div data-brz-translate-text=\"1\">\n<h1 class=\"brz-tp-lg-heading1 brz-text-lg-center brz-css-yhZR9\" data-generated-css=\"brz-css-tDhPp\" data-uniq-id=\"z8Xrt\"><span class=\"brz-cp-color8\">Gefahrgutmanagement, einfach sicher gemacht.<\/span><\/h1>\n<\/div>\n<\/div>\n<\/div>\n<div id=\"\" class=\"brz-css-1vogd41 brz-css-151fkh0 brz-wrapper\">\n<div class=\"brz-rich-text brz-rich-text__custom brz-css-1ylgs6u brz-css-1i8cmza\" data-brz-custom-id=\"ri3dYReGhThc\">\n<div data-brz-translate-text=\"1\">\n<p class=\"brz-text-lg-center brz-tp-lg-paragraph brz-css-bkoOt\" data-generated-css=\"brz-css-f5U1b\" data-uniq-id=\"h2X27\"><span class=\"brz-cp-color8\">Gefahrgut ist ein Thema, welches sp\u00e4testens mit der ADR-\u00c4nderung 2021 und ab dem 01.01.2021 immer mehr Beachtung findet.<\/span><\/p>\n<\/div>\n<\/div>\n<\/div>\n<\/div>\n<\/div>\n<\/section>\n<section id=\"98d1116d5e9b55f0b23a_cneQc7tn8Kx8\" class=\"brz-section brz-css-1dhx14h brz-css-2u689w\">\n<div class=\"brz-section__content brz-section--boxed brz-css-7bbyep brz-css-w28l31\" data-brz-custom-id=\"l5NHkHr4dhQB\">\n<div class=\"brz-bg\">\n<div class=\"brz-bg-color\"><\/div>\n<\/div>\n<div class=\"brz-container brz-css-vndp1v brz-css-pnrex\">\n<div class=\"brz-row__container brz-css-s9zvx brz-css-99vvtk\" data-brz-custom-id=\"oAs5DxE6XKrn\">\n<div class=\"brz-row brz-css-4j88z8 brz-css-1f690kl brz-css-4e7l3q\">\n<div class=\"brz-columns brz-css-1fjfg5i brz-css-5t0kn9\" data-brz-custom-id=\"qkuU2wXcnOBP\">\n<div class=\"brz-column__items brz-css-hlsgmp brz-css-6pg1g9\">\n<div id=\"\" class=\"brz-css-1n7pdy0 brz-css-rxhils brz-wrapper\">\n<div class=\"brz-image brz-css-t3ci5b brz-css-l4ouf5\" data-brz-custom-id=\"qrn9xi8xQW1S\"><img decoding=\"async\" class=\"brz-img\" src=\"https:\/\/www.beratungundschulung.com\/wp-content\/uploads\/2019\/03\/Gefahrgut_Tonnen2_thumb-1.jpg\" alt=\"\" title=\"Gefahrgut_Tonnen2_thumb\" loading=\"lazy\"><\/div>\n<\/div>\n<\/div>\n<\/div>\n<div class=\"brz-columns brz-css-1fjfg5i brz-css-y2au7t\" data-brz-custom-id=\"sdcchi83BEAd\">\n<div data-motion-scroll-vertical=\"%7B%22scrollStep%22%3A5%2C%22direction%22%3A%22down%22%2C%22viewport%22%3A%7B%22top%22%3A23%2C%22bottom%22%3A100%7D%7D\" data-motion-responsive=\"%5B%7B%22breakpoint%22%3A991%2C%22settings%22%3A%7B%22scroll%22%3A%5B%7B%22type%22%3A%22vertical%22%2C%22direction%22%3A%22down%22%2C%22scrollStep%22%3A5%2C%22viewport%22%3A%7B%22top%22%3A12%2C%22bottom%22%3A100%7D%7D%5D%7D%7D%2C%7B%22breakpoint%22%3A767%2C%22settings%22%3A%7B%7D%7D%5D\" class=\"brz-columns__scroll-effect brz-motion--effects\">\n<div class=\"brz-bg\">\n<div class=\"brz-bg-color\"><\/div>\n<\/div>\n<div class=\"brz-column__items brz-css-hlsgmp brz-css-euvtjo\">\n<div id=\"\" class=\"brz-css-1n7pdy0 brz-css-1nmcoof brz-wrapper\">\n<div class=\"brz-rich-text brz-rich-text__custom brz-css-1hjh8b brz-css-1ezupol\" data-brz-custom-id=\"dK5lYOMXf3VX\">\n<div data-brz-translate-text=\"1\">\n<h2 class=\"brz-tp-lg-heading4 brz-css-fnbKE\" data-generated-css=\"brz-css-ja9Q1\" data-uniq-id=\"i4xZa\"><span class=\"brz-cp-color2\">Unsere Leistungen im \u00dcberblick:<\/span><\/h2>\n<\/div>\n<\/div>\n<\/div>\n<div id=\"\" class=\"brz-css-1n7pdy0 brz-css-p6fdb brz-wrapper\">\n<div class=\"brz-rich-text brz-rich-text__custom brz-css-1hjh8b brz-css-1j5o8jb\" data-brz-custom-id=\"lUPYGPnQg7E6\">\n<div data-brz-translate-text=\"1\">\n<ol>\n<li class=\"brz-tp-lg-paragraph brz-bcp-color2 brz-css-rdbLK\" data-uniq-id=\"qtQ4e\" data-generated-css=\"brz-css-edOsl\"><span class=\"brz-cp-color2\">Beratung in allgemeinen Belangen rund um Gefahrgut<\/span><\/li>\n<li class=\"brz-tp-lg-paragraph brz-bcp-color2 brz-css-uucil\" data-uniq-id=\"tz7LY\" data-generated-css=\"brz-css-tybY2\"><span class=\"brz-cp-color2\">Beratung und Unterst\u00fctzung bei der Einf\u00fchrung von SQAS (Safty and Quality Assessment System)<\/span><\/li>\n<li class=\"brz-tp-lg-paragraph brz-bcp-color2 brz-css-bhwAC\" data-uniq-id=\"qdaWN\" data-generated-css=\"brz-css-tfp63\"><span class=\"brz-cp-color2\">Schulung des Betriebspersonals<\/span><\/li>\n<\/ol>\n<\/div>\n<\/div>\n<\/div>\n<div id=\"\" class=\"brz-css-1n7pdy0 brz-css-1p4d5kh brz-wrapper\">\n<div class=\"brz-rich-text brz-rich-text__custom brz-css-1hjh8b brz-css-17xzvwe\" data-brz-custom-id=\"s1_QnkvfYWaD\">\n<div data-brz-translate-text=\"1\">\n<p class=\"brz-fsft-lg-0 brz-fwdth-lg-100 brz-vfw-lg-400 brz-lh-lg-1_9 brz-ls-lg-0 brz-fw-lg-400 brz-fss-lg-px brz-fs-lg-16 brz-ft-google brz-ff-lato brz-tp-lg-empty brz-css-ycOEJ\" data-uniq-id=\"azRbp\" data-generated-css=\"brz-css-ddJLK\"><em class=\"brz-italic-true brz-cp-color2\">Lassen Sie sich fachkundig und technisch von uns beraten und betreuen.<\/em><\/p>\n<\/div>\n<\/div>\n<\/div>\n<\/div>\n<\/div>\n<\/div>\n<\/div>\n<\/div>\n<div class=\"brz-wrapper-clone brz-flex-xs-wrap brz-css-43249l brz-css-y9rvit\" data-brz-custom-id=\"mUGOmWAqtzQl\"><a class=\"brz-a brz-btn brz-css-r0pt6s brz-css-1fxqd20 brz-css-mf84zl brz-css-2k4xth\" href=\"https:\/\/www.beratungundschulung.com\/en\/kontakt\/\" target=\"_self\" rel=\"noopener\" data-brz-link-type=\"external\" data-brz-custom-id=\"tRfbUYMwm9ll\"><span data-brz-translate-text=\"1\" class=\"brz-span brz-text__editor\">Kostenloses Erstgespr\u00e4ch vereinbaren<\/span><\/a><\/div>\n<\/div>\n<\/div>\n<\/section>\n<section id=\"03310f0cafbd9d152a32_rbDYY3_ZEkT0\" class=\"brz-section brz-css-1b0wv58 brz-css-1btgcv7\">\n<div class=\"brz-section__content brz-section--boxed brz-css-1s7ozqi brz-css-nwsrlm\" data-brz-custom-id=\"zNVknqAKGaBZ\">\n<div class=\"brz-bg\">\n<div class=\"brz-bg-color\"><\/div>\n<\/div>\n<div class=\"brz-container brz-css-1268gs9 brz-css-izffxe\">\n<div class=\"brz-row__container brz-css-1x4p0ey brz-css-1ue6gzc\" data-brz-custom-id=\"jvhCfP6gDRX1\">\n<div class=\"brz-row brz-css-v1y138 brz-css-7y8988 brz-css-ho2vcs\">\n<div class=\"brz-columns brz-css-15sxeun brz-css-1vwcojz\" data-brz-custom-id=\"yrnlv7L_vEwn\">\n<div class=\"brz-column__items brz-css-aiajo0 brz-css-7g6owc\">\n<div id=\"\" class=\"brz-css-hdsz22 brz-css-aiiksp brz-wrapper\">\n<div class=\"brz-rich-text brz-rich-text__custom brz-css-18p4j08 brz-css-12f2uvk\" data-brz-custom-id=\"cTshXqifky9K\">\n<div data-brz-translate-text=\"1\">\n<h2 class=\"brz-tp-lg-heading4 brz-css-gdy_v\" data-generated-css=\"brz-css-okzfs\" data-uniq-id=\"uYIkf\"><strong class=\"brz-cp-color2\">Was kann unser Unternehmen f\u00fcr Sie tun?<\/strong><\/h2>\n<\/div>\n<\/div>\n<\/div>\n<div id=\"\" class=\"brz-css-hdsz22 brz-css-152yd5e brz-wrapper\">\n<div class=\"brz-rich-text brz-rich-text__custom brz-css-18p4j08 brz-css-9dqlz2\" data-brz-custom-id=\"pv5KnkE5rLid\">\n<div data-brz-translate-text=\"1\">\n<p class=\"brz-tp-lg-paragraph brz-css-yW5nt\" data-uniq-id=\"aScDS\" data-generated-css=\"brz-css-lgxDF\"><span class=\"brz-cp-color7\">Ihr Unternehmen profitiert von unserem Fachwissen im Bereich Gefahrgutmanagement. Als externe Gefahrgutbeauftragte (EU-Sicherheitsberater) \u00fcbernehmen wir die Verantwortung f\u00fcr die rechtlichen Anforderungen und sparen Ihnen erhebliche Kosten. Wir sind mit den aktuellen Vorschriften f\u00fcr alle Verkehrstr\u00e4ger vertraut und halten Sie stets auf dem neuesten Stand. Dar\u00fcber hinaus bieten wir Schulungen und Unterweisungen f\u00fcr Ihre Mitarbeiter in ihren jeweiligen T\u00e4tigkeitsbereichen an, um die Sicherheit und Compliance zu gew\u00e4hrleisten. Verlassen Sie sich auf unsere Expertise, um Ihre Gefahrgutbelange effizient und gesetzeskonform zu regeln.<\/span><\/p>\n<\/div>\n<\/div>\n<\/div>\n<\/div>\n<\/div>\n<div class=\"brz-columns brz-css-15sxeun brz-css-za21js\" data-brz-custom-id=\"pzHoAdiEtYIU\">\n<div class=\"brz-column__items brz-css-aiajo0 brz-css-1a7vy6e\">\n<div id=\"\" class=\"brz-css-hdsz22 brz-css-n5u3ex brz-wrapper\">\n<div class=\"brz-image brz-css-1sppvh1 brz-css-1ofx6qi\" data-brz-custom-id=\"xkhL26wmNBsx\"><img decoding=\"async\" class=\"brz-img\" src=\"https:\/\/www.beratungundschulung.com\/wp-content\/uploads\/2020\/03\/IMG_5016.jpg\" alt=\"\" title=\"Gefahrgut\" loading=\"lazy\"><\/div>\n<\/div>\n<\/div>\n<\/div>\n<\/div>\n<\/div>\n<\/div>\n<\/div>\n<\/section><\/div>\n<p><!-- version:1755217968 --><\/p>","protected":false},"excerpt":{"rendered":"<p>Gefahrgutmanagement, einfach sicher gemacht. Gefahrgut ist ein Thema, welches sp\u00e4testens mit der ADR-\u00c4nderung 2021 und ab dem 01.01.2021 immer mehr Beachtung findet. Unsere Leistungen im \u00dcberblick: Beratung in allgemeinen Belangen rund um Gefahrgut Beratung und Unterst\u00fctzung bei der Einf\u00fchrung von SQAS (Safty and Quality Assessment System) Schulung des Betriebspersonals Lassen Sie sich fachkundig und technisch [&hellip;]<\/p>\n","protected":false},"author":4,"featured_media":0,"parent":0,"menu_order":0,"comment_status":"closed","ping_status":"closed","template":"","meta":{"footnotes":""},"class_list":["post-9876","page","type-page","status-publish","hentry"],"blocksy_meta":[],"yoast_head":"<!-- This site is optimized with the Yoast SEO plugin v27.4 - https:\/\/yoast.com\/product\/yoast-seo-wordpress\/ -->\n<title>Gefahrgut - BuS Beratung und Schulung<\/title>\n<meta name=\"robots\" content=\"index, follow, max-snippet:-1, max-image-preview:large, max-video-preview:-1\" \/>\n<link rel=\"canonical\" href=\"https:\/\/www.beratungundschulung.com\/en\/gefahrgut\/\" \/>\n<meta property=\"og:locale\" content=\"en_GB\" \/>\n<meta property=\"og:type\" content=\"article\" \/>\n<meta property=\"og:title\" content=\"Gefahrgut - BuS Beratung und Schulung\" \/>\n<meta property=\"og:description\" content=\"Gefahrgutmanagement, einfach sicher gemacht. Gefahrgut ist ein Thema, welches sp\u00e4testens mit der ADR-\u00c4nderung 2021 und ab dem 01.01.2021 immer mehr Beachtung findet. Unsere Leistungen im \u00dcberblick: Beratung in allgemeinen Belangen rund um Gefahrgut Beratung und Unterst\u00fctzung bei der Einf\u00fchrung von SQAS (Safty and Quality Assessment System) Schulung des Betriebspersonals Lassen Sie sich fachkundig und technisch [&hellip;]\" \/>\n<meta property=\"og:url\" content=\"https:\/\/www.beratungundschulung.com\/en\/gefahrgut\/\" \/>\n<meta property=\"og:site_name\" content=\"BuS Beratung und Schulung\" \/>\n<meta property=\"article:modified_time\" content=\"2026-04-06T16:11:53+00:00\" \/>\n<meta property=\"og:image\" content=\"https:\/\/www.beratungundschulung.com\/wp-content\/uploads\/2019\/03\/Gefahrgut_Tonnen2_thumb-1.jpg\" \/>\n<meta name=\"twitter:card\" content=\"summary_large_image\" \/>\n<meta name=\"twitter:label1\" content=\"Estimated reading time\" \/>\n\t<meta name=\"twitter:data1\" content=\"2 minutes\" \/>\n<script type=\"application\/ld+json\" class=\"yoast-schema-graph\">{\"@context\":\"https:\\\/\\\/schema.org\",\"@graph\":[{\"@type\":\"WebPage\",\"@id\":\"https:\\\/\\\/www.beratungundschulung.com\\\/gefahrgut\\\/\",\"url\":\"https:\\\/\\\/www.beratungundschulung.com\\\/gefahrgut\\\/\",\"name\":\"Gefahrgut - BuS Beratung und Schulung\",\"isPartOf\":{\"@id\":\"https:\\\/\\\/www.beratungundschulung.com\\\/#website\"},\"primaryImageOfPage\":{\"@id\":\"https:\\\/\\\/www.beratungundschulung.com\\\/gefahrgut\\\/#primaryimage\"},\"image\":{\"@id\":\"https:\\\/\\\/www.beratungundschulung.com\\\/gefahrgut\\\/#primaryimage\"},\"thumbnailUrl\":\"https:\\\/\\\/www.beratungundschulung.com\\\/wp-content\\\/uploads\\\/2019\\\/03\\\/Gefahrgut_Tonnen2_thumb-1.jpg\",\"datePublished\":\"2023-07-01T17:49:02+00:00\",\"dateModified\":\"2026-04-06T16:11:53+00:00\",\"breadcrumb\":{\"@id\":\"https:\\\/\\\/www.beratungundschulung.com\\\/gefahrgut\\\/#breadcrumb\"},\"inLanguage\":\"en-GB\",\"potentialAction\":[{\"@type\":\"ReadAction\",\"target\":[\"https:\\\/\\\/www.beratungundschulung.com\\\/gefahrgut\\\/\"]}]},{\"@type\":\"ImageObject\",\"inLanguage\":\"en-GB\",\"@id\":\"https:\\\/\\\/www.beratungundschulung.com\\\/gefahrgut\\\/#primaryimage\",\"url\":\"https:\\\/\\\/www.beratungundschulung.com\\\/wp-content\\\/uploads\\\/2019\\\/03\\\/Gefahrgut_Tonnen2_thumb-1.jpg\",\"contentUrl\":\"https:\\\/\\\/www.beratungundschulung.com\\\/wp-content\\\/uploads\\\/2019\\\/03\\\/Gefahrgut_Tonnen2_thumb-1.jpg\"},{\"@type\":\"BreadcrumbList\",\"@id\":\"https:\\\/\\\/www.beratungundschulung.com\\\/gefahrgut\\\/#breadcrumb\",\"itemListElement\":[{\"@type\":\"ListItem\",\"position\":1,\"name\":\"Startseite\",\"item\":\"https:\\\/\\\/www.beratungundschulung.com\\\/\"},{\"@type\":\"ListItem\",\"position\":2,\"name\":\"Gefahrgut\"}]},{\"@type\":\"WebSite\",\"@id\":\"https:\\\/\\\/www.beratungundschulung.com\\\/#website\",\"url\":\"https:\\\/\\\/www.beratungundschulung.com\\\/\",\"name\":\"BuS Beratung und Schulung\",\"description\":\"\",\"publisher\":{\"@id\":\"https:\\\/\\\/www.beratungundschulung.com\\\/#organization\"},\"potentialAction\":[{\"@type\":\"SearchAction\",\"target\":{\"@type\":\"EntryPoint\",\"urlTemplate\":\"https:\\\/\\\/www.beratungundschulung.com\\\/?s={search_term_string}\"},\"query-input\":{\"@type\":\"PropertyValueSpecification\",\"valueRequired\":true,\"valueName\":\"search_term_string\"}}],\"inLanguage\":\"en-GB\"},{\"@type\":\"Organization\",\"@id\":\"https:\\\/\\\/www.beratungundschulung.com\\\/#organization\",\"name\":\"BuS Beratung und Schulung\",\"url\":\"https:\\\/\\\/www.beratungundschulung.com\\\/\",\"logo\":{\"@type\":\"ImageObject\",\"inLanguage\":\"en-GB\",\"@id\":\"https:\\\/\\\/www.beratungundschulung.com\\\/#\\\/schema\\\/logo\\\/image\\\/\",\"url\":\"https:\\\/\\\/www.beratungundschulung.com\\\/wp-content\\\/uploads\\\/2019\\\/03\\\/cropped-BUS-Logo-Vektor_001-web-1.png\",\"contentUrl\":\"https:\\\/\\\/www.beratungundschulung.com\\\/wp-content\\\/uploads\\\/2019\\\/03\\\/cropped-BUS-Logo-Vektor_001-web-1.png\",\"width\":600,\"height\":450,\"caption\":\"BuS Beratung und Schulung\"},\"image\":{\"@id\":\"https:\\\/\\\/www.beratungundschulung.com\\\/#\\\/schema\\\/logo\\\/image\\\/\"}}]}<\/script>\n<!-- \/ Yoast SEO plugin. -->","yoast_head_json":{"title":"Gefahrgut - BuS Beratung und Schulung","robots":{"index":"index","follow":"follow","max-snippet":"max-snippet:-1","max-image-preview":"max-image-preview:large","max-video-preview":"max-video-preview:-1"},"canonical":"https:\/\/www.beratungundschulung.com\/en\/gefahrgut\/","og_locale":"en_GB","og_type":"article","og_title":"Gefahrgut - BuS Beratung und Schulung","og_description":"Gefahrgutmanagement, einfach sicher gemacht. Gefahrgut ist ein Thema, welches sp\u00e4testens mit der ADR-\u00c4nderung 2021 und ab dem 01.01.2021 immer mehr Beachtung findet. Unsere Leistungen im \u00dcberblick: Beratung in allgemeinen Belangen rund um Gefahrgut Beratung und Unterst\u00fctzung bei der Einf\u00fchrung von SQAS (Safty and Quality Assessment System) Schulung des Betriebspersonals Lassen Sie sich fachkundig und technisch [&hellip;]","og_url":"https:\/\/www.beratungundschulung.com\/en\/gefahrgut\/","og_site_name":"BuS Beratung und Schulung","article_modified_time":"2026-04-06T16:11:53+00:00","og_image":[{"url":"https:\/\/www.beratungundschulung.com\/wp-content\/uploads\/2019\/03\/Gefahrgut_Tonnen2_thumb-1.jpg","type":"","width":"","height":""}],"twitter_card":"summary_large_image","twitter_misc":{"Estimated reading time":"2 minutes"},"schema":{"@context":"https:\/\/schema.org","@graph":[{"@type":"WebPage","@id":"https:\/\/www.beratungundschulung.com\/gefahrgut\/","url":"https:\/\/www.beratungundschulung.com\/gefahrgut\/","name":"Gefahrgut - BuS Beratung und Schulung","isPartOf":{"@id":"https:\/\/www.beratungundschulung.com\/#website"},"primaryImageOfPage":{"@id":"https:\/\/www.beratungundschulung.com\/gefahrgut\/#primaryimage"},"image":{"@id":"https:\/\/www.beratungundschulung.com\/gefahrgut\/#primaryimage"},"thumbnailUrl":"https:\/\/www.beratungundschulung.com\/wp-content\/uploads\/2019\/03\/Gefahrgut_Tonnen2_thumb-1.jpg","datePublished":"2023-07-01T17:49:02+00:00","dateModified":"2026-04-06T16:11:53+00:00","breadcrumb":{"@id":"https:\/\/www.beratungundschulung.com\/gefahrgut\/#breadcrumb"},"inLanguage":"en-GB","potentialAction":[{"@type":"ReadAction","target":["https:\/\/www.beratungundschulung.com\/gefahrgut\/"]}]},{"@type":"ImageObject","inLanguage":"en-GB","@id":"https:\/\/www.beratungundschulung.com\/gefahrgut\/#primaryimage","url":"https:\/\/www.beratungundschulung.com\/wp-content\/uploads\/2019\/03\/Gefahrgut_Tonnen2_thumb-1.jpg","contentUrl":"https:\/\/www.beratungundschulung.com\/wp-content\/uploads\/2019\/03\/Gefahrgut_Tonnen2_thumb-1.jpg"},{"@type":"BreadcrumbList","@id":"https:\/\/www.beratungundschulung.com\/gefahrgut\/#breadcrumb","itemListElement":[{"@type":"ListItem","position":1,"name":"Startseite","item":"https:\/\/www.beratungundschulung.com\/"},{"@type":"ListItem","position":2,"name":"Gefahrgut"}]},{"@type":"WebSite","@id":"https:\/\/www.beratungundschulung.com\/#website","url":"https:\/\/www.beratungundschulung.com\/","name":"BuS Beratung und Schulung","description":"","publisher":{"@id":"https:\/\/www.beratungundschulung.com\/#organization"},"potentialAction":[{"@type":"SearchAction","target":{"@type":"EntryPoint","urlTemplate":"https:\/\/www.beratungundschulung.com\/?s={search_term_string}"},"query-input":{"@type":"PropertyValueSpecification","valueRequired":true,"valueName":"search_term_string"}}],"inLanguage":"en-GB"},{"@type":"Organization","@id":"https:\/\/www.beratungundschulung.com\/#organization","name":"BuS Beratung und Schulung","url":"https:\/\/www.beratungundschulung.com\/","logo":{"@type":"ImageObject","inLanguage":"en-GB","@id":"https:\/\/www.beratungundschulung.com\/#\/schema\/logo\/image\/","url":"https:\/\/www.beratungundschulung.com\/wp-content\/uploads\/2019\/03\/cropped-BUS-Logo-Vektor_001-web-1.png","contentUrl":"https:\/\/www.beratungundschulung.com\/wp-content\/uploads\/2019\/03\/cropped-BUS-Logo-Vektor_001-web-1.png","width":600,"height":450,"caption":"BuS Beratung und Schulung"},"image":{"@id":"https:\/\/www.beratungundschulung.com\/#\/schema\/logo\/image\/"}}]}},"brizy_media":[{"id":434,"url":"https:\/\/www.beratungundschulung.com\/wp-content\/uploads\/2019\/03\/Gefahrgut_Tonnen2_thumb-1.jpg","name":"Gefahrgut_Tonnen2_thumb-1.jpg","meta":{"brizy_attachment_uid":"wp-94b6e9da10cf21108b20e36352fd774c.jpg","brizy_post_uid":["9948f614b538d80519031cc07858326f"]}},{"id":1474,"url":"https:\/\/www.beratungundschulung.com\/wp-content\/uploads\/2020\/03\/IMG_5016.jpg","name":"IMG_5016.jpg","meta":{"brizy_attachment_uid":"wp-62719a38379c8f5f1ec118c78973fdf3.jpg","brizy_post_uid":["9948f614b538d80519031cc07858326f"]}},{"id":10435,"url":"https:\/\/www.beratungundschulung.com\/wp-content\/uploads\/2023\/08\/Logo_KGF_NEU_1.0-1.png","name":"Logo_KGF_NEU_1.0-1.png","meta":{"brizy_attachment_uid":"wp-975b3903d5b65c29c8e77bdd8a4e415b.png","brizy_post_uid":["9948f614b538d80519031cc07858326f","0889e3197cf19feff6cd96b619e47e0b"]}}],"_links":{"self":[{"href":"https:\/\/www.beratungundschulung.com\/en\/wp-json\/wp\/v2\/pages\/9876","targetHints":{"allow":["GET"]}}],"collection":[{"href":"https:\/\/www.beratungundschulung.com\/en\/wp-json\/wp\/v2\/pages"}],"about":[{"href":"https:\/\/www.beratungundschulung.com\/en\/wp-json\/wp\/v2\/types\/page"}],"author":[{"embeddable":true,"href":"https:\/\/www.beratungundschulung.com\/en\/wp-json\/wp\/v2\/users\/4"}],"replies":[{"embeddable":true,"href":"https:\/\/www.beratungundschulung.com\/en\/wp-json\/wp\/v2\/comments?post=9876"}],"version-history":[{"count":30,"href":"https:\/\/www.beratungundschulung.com\/en\/wp-json\/wp\/v2\/pages\/9876\/revisions"}],"predecessor-version":[{"id":12407,"href":"https:\/\/www.beratungundschulung.com\/en\/wp-json\/wp\/v2\/pages\/9876\/revisions\/12407"}],"wp:attachment":[{"href":"https:\/\/www.beratungundschulung.com\/en\/wp-json\/wp\/v2\/media?parent=9876"}],"curies":[{"name":"wp","href":"https:\/\/api.w.org\/{rel}","templated":true}]}}