{"id":9878,"date":"2023-07-01T17:49:11","date_gmt":"2023-07-01T17:49:11","guid":{"rendered":"https:\/\/bus-gbr.de\/?page_id=9878"},"modified":"2026-04-06T23:20:14","modified_gmt":"2026-04-06T22:20:14","slug":"ladungssicherung","status":"publish","type":"page","link":"https:\/\/www.beratungundschulung.com\/en\/ladungssicherung\/","title":{"rendered":"Ladungssicherung"},"content":{"rendered":"<div class=\"brz brz-root__container brz-reset-all brz-root__container-page\">\n<section id=\"9cd35b0963bf2f5e307d_e7IyrY1dHjTy\" class=\"brz-section brz-css-iwlwe5 brz-css-e2f5ae\">\n<div class=\"brz-section__content brz-section--boxed brz-css-pponl2 brz-css-10xx5lp\" data-brz-custom-id=\"wgHtoxeFqSp6\">\n<div class=\"brz-bg\">\n<div class=\"brz-bg-color\"><\/div>\n<\/div>\n<div class=\"brz-container brz-css-13n9l52 brz-css-1mqjmmz\">\n<div id=\"\" class=\"brz-css-gwooji brz-css-1449nwt brz-wrapper\">\n<div class=\"brz-rich-text brz-rich-text__custom brz-css-2phop8 brz-css-1isji56\" data-brz-custom-id=\"dbIx_w2DjJXa\">\n<div data-brz-translate-text=\"1\">\n<h1 class=\"brz-tp-lg-heading1 brz-text-lg-center brz-css-e9Nlp\" data-generated-css=\"brz-css-eLg5i\" data-uniq-id=\"jIocz\"><span class=\"brz-cp-color8\">Ladungssicherung geht nicht nur den Fahrer etwas an<\/span><\/h1>\n<\/div>\n<\/div>\n<\/div>\n<\/div>\n<\/div>\n<\/section>\n<section id=\"146a9a4ef7dc87ffe802_pPYqaqt1EKsE\" class=\"brz-section brz-css-1nqp8nu brz-css-1w8sjeg\">\n<div class=\"brz-section__content brz-section--boxed brz-css-1ny1xk2 brz-css-1s8s7tv\" data-brz-custom-id=\"qLmRCMJ_3ded\">\n<div class=\"brz-bg\">\n<div class=\"brz-bg-color\"><\/div>\n<\/div>\n<div class=\"brz-container brz-css-1xz3cpe brz-css-ct49ou\">\n<div class=\"brz-row__container brz-css-12k4wkk brz-css-130anym\" data-brz-custom-id=\"hUa1dwrjV6hR\">\n<div class=\"brz-row brz-css-1kjxtsh brz-css-1dw6yhc brz-css-1vha1k3\">\n<div class=\"brz-columns brz-css-1gbmw8p brz-css-vgz1gu\" data-brz-custom-id=\"hgqQ00CNlTNG\">\n<div class=\"brz-column__items brz-css-o1ibxc brz-css-1psdeie\">\n<div id=\"\" class=\"brz-css-j728tt brz-css-1cfp4rp brz-wrapper\">\n<div class=\"brz-image brz-css-1uitp77 brz-css-11muv4u\" data-brz-custom-id=\"tNT_XNshcAAn\"><img decoding=\"async\" class=\"brz-img\" src=\"https:\/\/www.beratungundschulung.com\/wp-content\/uploads\/brizy\/imgs\/20140507_125017-scaled-1-525x933x0x195x525x544x1688247334.jpg\" alt=\"\" title=\"Ladungssicherungskontrolle\" loading=\"lazy\"><\/div>\n<\/div>\n<\/div>\n<\/div>\n<div class=\"brz-columns brz-css-1gbmw8p brz-css-1hgojta\" data-brz-custom-id=\"sLGpCu9MCNmn\">\n<div data-motion-scroll-vertical=\"%7B%22scrollStep%22%3A5%2C%22direction%22%3A%22down%22%2C%22viewport%22%3A%7B%22top%22%3A23%2C%22bottom%22%3A100%7D%7D\" data-motion-responsive=\"%5B%7B%22breakpoint%22%3A991%2C%22settings%22%3A%7B%22scroll%22%3A%5B%7B%22type%22%3A%22vertical%22%2C%22direction%22%3A%22down%22%2C%22scrollStep%22%3A5%2C%22viewport%22%3A%7B%22top%22%3A12%2C%22bottom%22%3A100%7D%7D%5D%7D%7D%2C%7B%22breakpoint%22%3A767%2C%22settings%22%3A%7B%7D%7D%5D\" class=\"brz-columns__scroll-effect brz-motion--effects\">\n<div class=\"brz-bg\">\n<div class=\"brz-bg-color\"><\/div>\n<\/div>\n<div class=\"brz-column__items brz-css-o1ibxc brz-css-1t6ngj1\">\n<div id=\"\" class=\"brz-css-j728tt brz-css-1tv3qx5 brz-wrapper\">\n<div class=\"brz-rich-text brz-rich-text__custom brz-css-fz2zye brz-css-1gacxan\" data-brz-custom-id=\"jiYf6XV1jU57\">\n<div data-brz-translate-text=\"1\">\n<h2 class=\"brz-tp-lg-heading4 brz-css-z0Rb9\" data-uniq-id=\"l_FYy\" data-generated-css=\"brz-css-naUN6\"><span class=\"brz-cp-color2\">Unsere Schulungsportfolio im \u00dcberblick:<\/span><\/h2>\n<\/div>\n<\/div>\n<\/div>\n<div id=\"\" class=\"brz-css-j728tt brz-css-ovvecz brz-wrapper\">\n<div class=\"brz-rich-text brz-rich-text__custom brz-css-fz2zye brz-css-ckitot\" data-brz-custom-id=\"g9y4s7W1R7od\">\n<div data-brz-translate-text=\"1\">\n<ol>\n<li class=\"brz-tp-lg-paragraph brz-bcp-color2 brz-css-cvyOG\" data-generated-css=\"brz-css-mkYfh\" data-uniq-id=\"sIsKS\"><span class=\"brz-cp-color2\">Inhouse-Schulungen \u00fcber offene Schulungen an unseren Schulungsst\u00fctzpunkten bis hin zur modernen Schulungsart \u201eOnline-Schulungen<\/span><\/li>\n<li class=\"brz-tp-lg-paragraph brz-bcp-color2 brz-css-edcyE\" data-generated-css=\"brz-css-fOMJ9\" data-uniq-id=\"mhiVR\"><span class=\"brz-cp-color2\">Online-Schulungen werden in zwei Kategorien unterteilt:<\/span><\/li>\n<li class=\"brz-tp-lg-paragraph brz-bcp-color2 brz-css-yro_j\" data-generated-css=\"brz-css-hPnlb\" data-uniq-id=\"pemU2\"><span class=\"brz-cp-color2\">&nbsp;Web-Base-Training (WBT) \u2013 hier durchl\u00e4uft der Schulungsteilnehmer eine klar strukturierte, Schulung, ohne die M\u00f6glichkeit der direkten Nachfrage beim Ausbilder.<\/span><\/li>\n<li class=\"brz-tp-lg-paragraph brz-bcp-color2 brz-css-dYDhA\" data-generated-css=\"brz-css-nFIgl\" data-uniq-id=\"aNsLt\"><span class=\"brz-cp-color2\">Webinare \u2013 die neue Art von Schulungen ist einer Frontalschulung komplett nachempfunden. Hier befinden sich die Teilnehmer mit einem Trainer in einem virtuellen Schulungsraum.<\/span><\/li>\n<\/ol>\n<\/div>\n<\/div>\n<\/div>\n<div id=\"\" class=\"brz-css-j728tt brz-css-kstgsy brz-wrapper\">\n<div class=\"brz-rich-text brz-rich-text__custom brz-css-fz2zye brz-css-sym788\" data-brz-custom-id=\"ntyHygV8UYZA\">\n<div data-brz-translate-text=\"1\">\n<p class=\"brz-fsft-lg-0 brz-fwdth-lg-100 brz-vfw-lg-400 brz-lh-lg-1_9 brz-ls-lg-0 brz-fw-lg-400 brz-fss-lg-px brz-fs-lg-16 brz-ft-google brz-ff-lato brz-tp-lg-empty brz-css-w__Rd\" data-uniq-id=\"bQR47\" data-generated-css=\"brz-css-tqDKB\"><em class=\"brz-italic-true brz-cp-color2\">Schauen Sie doch mal unter&nbsp;<\/em><em class=\"brz-italic-true brz-cp-color2\">unserem Shop<\/em><em class=\"brz-italic-true brz-cp-color2\">&nbsp;nach, was wir in diesem Bereich alles an Schulungen\/Unterweisungen anbieten<\/em><\/p>\n<\/div>\n<\/div>\n<\/div>\n<\/div>\n<\/div>\n<\/div>\n<\/div>\n<\/div>\n<div class=\"brz-wrapper-clone brz-flex-xs-wrap brz-css-j6n0jf brz-css-1n0eli6\" data-brz-custom-id=\"sX0AeJ7F1I54\"><a class=\"brz-a brz-btn brz-css-w5u934 brz-css-174036q brz-css-1jv7hcx brz-css-17vfqax\" href=\"https:\/\/www.beratungundschulung.com\/en\/kontakt\/\" target=\"_self\" rel=\"noopener\" data-brz-link-type=\"external\" data-brz-custom-id=\"gQcw2c_UvivX\"><span data-brz-translate-text=\"1\" class=\"brz-span brz-text__editor\">Kostenloses Erstgespr\u00e4ch vereinbaren<\/span><\/a><\/div>\n<div id=\"\" class=\"brz-css-j728tt brz-css-1d04qal brz-wrapper\">\n<div class=\"brz-rich-text brz-rich-text__custom brz-css-fz2zye brz-css-cxtvuf\" data-brz-custom-id=\"j1ZRn7R3NZaM\">\n<div data-brz-translate-text=\"1\">\n<p class=\"ql-align-center brz-text-lg-center brz-fss-lg-px brz-fw-lg-400 brz-ls-lg-0 brz-lh-lg-1_9 brz-vfw-lg-400 brz-fwdth-lg-100 brz-fsft-lg-0 brz-tp-lg-empty brz-ff-lato brz-ft-google brz-fs-lg-18 brz-css-k3oRO\" data-generated-css=\"brz-css-ktfar\" data-uniq-id=\"b92qz\"><\/p>\n<p class=\"ql-align-center brz-text-lg-center brz-fss-lg-px brz-fw-lg-400 brz-ls-lg-0 brz-lh-lg-1_9 brz-vfw-lg-400 brz-fwdth-lg-100 brz-fsft-lg-0 brz-tp-lg-empty brz-ff-lato brz-ft-google brz-fs-lg-18 brz-css-fmKKL\" data-generated-css=\"brz-css-yDJhe\" data-uniq-id=\"smJ7f\"><span class=\"brz-cp-color7\">Unsere Mission ist es, kleinen und mittelst\u00e4ndischen Unternehmen bei der Ladungssicherung zu helfen. Unzureichend gesicherte Ladungen f\u00fchren oft zu schweren Verkehrsunf\u00e4llen. Wir m\u00f6chten diese vermeidbaren Fehler beheben. Mit unserem Fachwissen zeigen wir, wie effektive Ladungssicherung problemlos umgesetzt werden kann. Unser Ansatz ist individuell und praxisnah, ma\u00dfgeschneidert auf die Bed\u00fcrfnisse jedes Unternehmens vor Ort. Wir bieten keine pauschale Beratung, sondern L\u00f6sungen, die Ihre Sicherheit und Effizienz steigern.<\/span><\/p>\n<p class=\"brz-tp-lg-paragraph brz-css-y2O3u\" data-generated-css=\"brz-css-j7E6g\" data-uniq-id=\"oQAoX\"><\/p>\n<\/div>\n<\/div>\n<\/div>\n<\/div>\n<\/div>\n<\/section><\/div>\n<p><!-- version:1755218037 --><\/p>","protected":false},"excerpt":{"rendered":"<p>Ladungssicherung geht nicht nur den Fahrer etwas an Unsere Schulungsportfolio im \u00dcberblick: Inhouse-Schulungen \u00fcber offene Schulungen an unseren Schulungsst\u00fctzpunkten bis hin zur modernen Schulungsart \u201eOnline-Schulungen Online-Schulungen werden in zwei Kategorien unterteilt: &nbsp;Web-Base-Training (WBT) \u2013 hier durchl\u00e4uft der Schulungsteilnehmer eine klar strukturierte, Schulung, ohne die M\u00f6glichkeit der direkten Nachfrage beim Ausbilder. Webinare \u2013 die neue Art [&hellip;]<\/p>\n","protected":false},"author":4,"featured_media":0,"parent":0,"menu_order":0,"comment_status":"closed","ping_status":"closed","template":"","meta":{"footnotes":""},"class_list":["post-9878","page","type-page","status-publish","hentry"],"blocksy_meta":[],"yoast_head":"<!-- This site is optimized with the Yoast SEO plugin v27.4 - https:\/\/yoast.com\/product\/yoast-seo-wordpress\/ -->\n<title>Ladungssicherung - BuS Beratung und Schulung<\/title>\n<meta name=\"robots\" content=\"index, follow, max-snippet:-1, max-image-preview:large, max-video-preview:-1\" \/>\n<link rel=\"canonical\" href=\"https:\/\/www.beratungundschulung.com\/en\/ladungssicherung\/\" \/>\n<meta property=\"og:locale\" content=\"en_GB\" \/>\n<meta property=\"og:type\" content=\"article\" \/>\n<meta property=\"og:title\" content=\"Ladungssicherung - BuS Beratung und Schulung\" \/>\n<meta property=\"og:description\" content=\"Ladungssicherung geht nicht nur den Fahrer etwas an Unsere Schulungsportfolio im \u00dcberblick: Inhouse-Schulungen \u00fcber offene Schulungen an unseren Schulungsst\u00fctzpunkten bis hin zur modernen Schulungsart \u201eOnline-Schulungen Online-Schulungen werden in zwei Kategorien unterteilt: &nbsp;Web-Base-Training (WBT) \u2013 hier durchl\u00e4uft der Schulungsteilnehmer eine klar strukturierte, Schulung, ohne die M\u00f6glichkeit der direkten Nachfrage beim Ausbilder. Webinare \u2013 die neue Art [&hellip;]\" \/>\n<meta property=\"og:url\" content=\"https:\/\/www.beratungundschulung.com\/en\/ladungssicherung\/\" \/>\n<meta property=\"og:site_name\" content=\"BuS Beratung und Schulung\" \/>\n<meta property=\"article:modified_time\" content=\"2026-04-06T22:20:14+00:00\" \/>\n<meta property=\"og:image\" content=\"https:\/\/www.beratungundschulung.com\/wp-content\/uploads\/brizy\/imgs\/20140507_125017-scaled-1-525x933x0x195x525x544x1688247334.jpg\" \/>\n<meta name=\"twitter:card\" content=\"summary_large_image\" \/>\n<meta name=\"twitter:label1\" content=\"Estimated reading time\" \/>\n\t<meta name=\"twitter:data1\" content=\"2 minutes\" \/>\n<script type=\"application\/ld+json\" class=\"yoast-schema-graph\">{\"@context\":\"https:\\\/\\\/schema.org\",\"@graph\":[{\"@type\":\"WebPage\",\"@id\":\"https:\\\/\\\/www.beratungundschulung.com\\\/ladungssicherung\\\/\",\"url\":\"https:\\\/\\\/www.beratungundschulung.com\\\/ladungssicherung\\\/\",\"name\":\"Ladungssicherung - BuS Beratung und Schulung\",\"isPartOf\":{\"@id\":\"https:\\\/\\\/www.beratungundschulung.com\\\/#website\"},\"primaryImageOfPage\":{\"@id\":\"https:\\\/\\\/www.beratungundschulung.com\\\/ladungssicherung\\\/#primaryimage\"},\"image\":{\"@id\":\"https:\\\/\\\/www.beratungundschulung.com\\\/ladungssicherung\\\/#primaryimage\"},\"thumbnailUrl\":\"https:\\\/\\\/www.beratungundschulung.com\\\/wp-content\\\/uploads\\\/brizy\\\/imgs\\\/20140507_125017-scaled-1-525x933x0x195x525x544x1688247334.jpg\",\"datePublished\":\"2023-07-01T17:49:11+00:00\",\"dateModified\":\"2026-04-06T22:20:14+00:00\",\"breadcrumb\":{\"@id\":\"https:\\\/\\\/www.beratungundschulung.com\\\/ladungssicherung\\\/#breadcrumb\"},\"inLanguage\":\"en-GB\",\"potentialAction\":[{\"@type\":\"ReadAction\",\"target\":[\"https:\\\/\\\/www.beratungundschulung.com\\\/ladungssicherung\\\/\"]}]},{\"@type\":\"ImageObject\",\"inLanguage\":\"en-GB\",\"@id\":\"https:\\\/\\\/www.beratungundschulung.com\\\/ladungssicherung\\\/#primaryimage\",\"url\":\"https:\\\/\\\/www.beratungundschulung.com\\\/wp-content\\\/uploads\\\/brizy\\\/imgs\\\/20140507_125017-scaled-1-525x933x0x195x525x544x1688247334.jpg\",\"contentUrl\":\"https:\\\/\\\/www.beratungundschulung.com\\\/wp-content\\\/uploads\\\/brizy\\\/imgs\\\/20140507_125017-scaled-1-525x933x0x195x525x544x1688247334.jpg\"},{\"@type\":\"BreadcrumbList\",\"@id\":\"https:\\\/\\\/www.beratungundschulung.com\\\/ladungssicherung\\\/#breadcrumb\",\"itemListElement\":[{\"@type\":\"ListItem\",\"position\":1,\"name\":\"Startseite\",\"item\":\"https:\\\/\\\/www.beratungundschulung.com\\\/\"},{\"@type\":\"ListItem\",\"position\":2,\"name\":\"Ladungssicherung\"}]},{\"@type\":\"WebSite\",\"@id\":\"https:\\\/\\\/www.beratungundschulung.com\\\/#website\",\"url\":\"https:\\\/\\\/www.beratungundschulung.com\\\/\",\"name\":\"BuS Beratung und Schulung\",\"description\":\"\",\"publisher\":{\"@id\":\"https:\\\/\\\/www.beratungundschulung.com\\\/#organization\"},\"potentialAction\":[{\"@type\":\"SearchAction\",\"target\":{\"@type\":\"EntryPoint\",\"urlTemplate\":\"https:\\\/\\\/www.beratungundschulung.com\\\/?s={search_term_string}\"},\"query-input\":{\"@type\":\"PropertyValueSpecification\",\"valueRequired\":true,\"valueName\":\"search_term_string\"}}],\"inLanguage\":\"en-GB\"},{\"@type\":\"Organization\",\"@id\":\"https:\\\/\\\/www.beratungundschulung.com\\\/#organization\",\"name\":\"BuS Beratung und Schulung\",\"url\":\"https:\\\/\\\/www.beratungundschulung.com\\\/\",\"logo\":{\"@type\":\"ImageObject\",\"inLanguage\":\"en-GB\",\"@id\":\"https:\\\/\\\/www.beratungundschulung.com\\\/#\\\/schema\\\/logo\\\/image\\\/\",\"url\":\"https:\\\/\\\/www.beratungundschulung.com\\\/wp-content\\\/uploads\\\/2019\\\/03\\\/cropped-BUS-Logo-Vektor_001-web-1.png\",\"contentUrl\":\"https:\\\/\\\/www.beratungundschulung.com\\\/wp-content\\\/uploads\\\/2019\\\/03\\\/cropped-BUS-Logo-Vektor_001-web-1.png\",\"width\":600,\"height\":450,\"caption\":\"BuS Beratung und Schulung\"},\"image\":{\"@id\":\"https:\\\/\\\/www.beratungundschulung.com\\\/#\\\/schema\\\/logo\\\/image\\\/\"}}]}<\/script>\n<!-- \/ Yoast SEO plugin. -->","yoast_head_json":{"title":"Ladungssicherung - BuS Beratung und Schulung","robots":{"index":"index","follow":"follow","max-snippet":"max-snippet:-1","max-image-preview":"max-image-preview:large","max-video-preview":"max-video-preview:-1"},"canonical":"https:\/\/www.beratungundschulung.com\/en\/ladungssicherung\/","og_locale":"en_GB","og_type":"article","og_title":"Ladungssicherung - BuS Beratung und Schulung","og_description":"Ladungssicherung geht nicht nur den Fahrer etwas an Unsere Schulungsportfolio im \u00dcberblick: Inhouse-Schulungen \u00fcber offene Schulungen an unseren Schulungsst\u00fctzpunkten bis hin zur modernen Schulungsart \u201eOnline-Schulungen Online-Schulungen werden in zwei Kategorien unterteilt: &nbsp;Web-Base-Training (WBT) \u2013 hier durchl\u00e4uft der Schulungsteilnehmer eine klar strukturierte, Schulung, ohne die M\u00f6glichkeit der direkten Nachfrage beim Ausbilder. Webinare \u2013 die neue Art [&hellip;]","og_url":"https:\/\/www.beratungundschulung.com\/en\/ladungssicherung\/","og_site_name":"BuS Beratung und Schulung","article_modified_time":"2026-04-06T22:20:14+00:00","og_image":[{"url":"https:\/\/www.beratungundschulung.com\/wp-content\/uploads\/brizy\/imgs\/20140507_125017-scaled-1-525x933x0x195x525x544x1688247334.jpg","type":"","width":"","height":""}],"twitter_card":"summary_large_image","twitter_misc":{"Estimated reading time":"2 minutes"},"schema":{"@context":"https:\/\/schema.org","@graph":[{"@type":"WebPage","@id":"https:\/\/www.beratungundschulung.com\/ladungssicherung\/","url":"https:\/\/www.beratungundschulung.com\/ladungssicherung\/","name":"Ladungssicherung - BuS Beratung und Schulung","isPartOf":{"@id":"https:\/\/www.beratungundschulung.com\/#website"},"primaryImageOfPage":{"@id":"https:\/\/www.beratungundschulung.com\/ladungssicherung\/#primaryimage"},"image":{"@id":"https:\/\/www.beratungundschulung.com\/ladungssicherung\/#primaryimage"},"thumbnailUrl":"https:\/\/www.beratungundschulung.com\/wp-content\/uploads\/brizy\/imgs\/20140507_125017-scaled-1-525x933x0x195x525x544x1688247334.jpg","datePublished":"2023-07-01T17:49:11+00:00","dateModified":"2026-04-06T22:20:14+00:00","breadcrumb":{"@id":"https:\/\/www.beratungundschulung.com\/ladungssicherung\/#breadcrumb"},"inLanguage":"en-GB","potentialAction":[{"@type":"ReadAction","target":["https:\/\/www.beratungundschulung.com\/ladungssicherung\/"]}]},{"@type":"ImageObject","inLanguage":"en-GB","@id":"https:\/\/www.beratungundschulung.com\/ladungssicherung\/#primaryimage","url":"https:\/\/www.beratungundschulung.com\/wp-content\/uploads\/brizy\/imgs\/20140507_125017-scaled-1-525x933x0x195x525x544x1688247334.jpg","contentUrl":"https:\/\/www.beratungundschulung.com\/wp-content\/uploads\/brizy\/imgs\/20140507_125017-scaled-1-525x933x0x195x525x544x1688247334.jpg"},{"@type":"BreadcrumbList","@id":"https:\/\/www.beratungundschulung.com\/ladungssicherung\/#breadcrumb","itemListElement":[{"@type":"ListItem","position":1,"name":"Startseite","item":"https:\/\/www.beratungundschulung.com\/"},{"@type":"ListItem","position":2,"name":"Ladungssicherung"}]},{"@type":"WebSite","@id":"https:\/\/www.beratungundschulung.com\/#website","url":"https:\/\/www.beratungundschulung.com\/","name":"BuS Beratung und Schulung","description":"","publisher":{"@id":"https:\/\/www.beratungundschulung.com\/#organization"},"potentialAction":[{"@type":"SearchAction","target":{"@type":"EntryPoint","urlTemplate":"https:\/\/www.beratungundschulung.com\/?s={search_term_string}"},"query-input":{"@type":"PropertyValueSpecification","valueRequired":true,"valueName":"search_term_string"}}],"inLanguage":"en-GB"},{"@type":"Organization","@id":"https:\/\/www.beratungundschulung.com\/#organization","name":"BuS Beratung und Schulung","url":"https:\/\/www.beratungundschulung.com\/","logo":{"@type":"ImageObject","inLanguage":"en-GB","@id":"https:\/\/www.beratungundschulung.com\/#\/schema\/logo\/image\/","url":"https:\/\/www.beratungundschulung.com\/wp-content\/uploads\/2019\/03\/cropped-BUS-Logo-Vektor_001-web-1.png","contentUrl":"https:\/\/www.beratungundschulung.com\/wp-content\/uploads\/2019\/03\/cropped-BUS-Logo-Vektor_001-web-1.png","width":600,"height":450,"caption":"BuS Beratung und Schulung"},"image":{"@id":"https:\/\/www.beratungundschulung.com\/#\/schema\/logo\/image\/"}}]}},"brizy_media":[{"id":1404,"url":"https:\/\/www.beratungundschulung.com\/wp-content\/uploads\/2020\/03\/20140507_125017-scaled-1.jpg","name":"20140507_125017-scaled-1.jpg","meta":{"brizy_attachment_uid":"wp-d746f6f14f5ac249c11dc05b2da61072.jpg","brizy_post_uid":["72723a25aad708c25856e55c60312e78"]}}],"_links":{"self":[{"href":"https:\/\/www.beratungundschulung.com\/en\/wp-json\/wp\/v2\/pages\/9878","targetHints":{"allow":["GET"]}}],"collection":[{"href":"https:\/\/www.beratungundschulung.com\/en\/wp-json\/wp\/v2\/pages"}],"about":[{"href":"https:\/\/www.beratungundschulung.com\/en\/wp-json\/wp\/v2\/types\/page"}],"author":[{"embeddable":true,"href":"https:\/\/www.beratungundschulung.com\/en\/wp-json\/wp\/v2\/users\/4"}],"replies":[{"embeddable":true,"href":"https:\/\/www.beratungundschulung.com\/en\/wp-json\/wp\/v2\/comments?post=9878"}],"version-history":[{"count":30,"href":"https:\/\/www.beratungundschulung.com\/en\/wp-json\/wp\/v2\/pages\/9878\/revisions"}],"predecessor-version":[{"id":12413,"href":"https:\/\/www.beratungundschulung.com\/en\/wp-json\/wp\/v2\/pages\/9878\/revisions\/12413"}],"wp:attachment":[{"href":"https:\/\/www.beratungundschulung.com\/en\/wp-json\/wp\/v2\/media?parent=9878"}],"curies":[{"name":"wp","href":"https:\/\/api.w.org\/{rel}","templated":true}]}}