{"id":9880,"date":"2023-07-01T17:49:47","date_gmt":"2023-07-01T17:49:47","guid":{"rendered":"https:\/\/bus-gbr.de\/?page_id=9880"},"modified":"2025-10-08T13:15:27","modified_gmt":"2025-10-08T12:15:27","slug":"impressum","status":"publish","type":"page","link":"https:\/\/www.beratungundschulung.com\/en\/impressum\/","title":{"rendered":"Impressum"},"content":{"rendered":"<h2 class=\"wp-block-heading\"><strong>Angaben gem\u00e4\u00df \u00a7 5 TMG:<\/strong><\/h2>\n\n\n\n<p>BuS Beratung und Schulung<br>DE456932503<br>Inh. Yudelka Maduro Castillo<br>Heckenstra\u00dfe 14a<br>86179 Augsburg<\/p>\n\n\n\n<h2 class=\"wp-block-heading\"><strong>Kontakt:<\/strong><\/h2>\n\n\n\n<p>Telefon: +49 1512 2989283<br>E-Mail: info@beratungundschulung.com<br>Web: <a href=\"https:\/\/www.beratungundschulung.com\/en\/\">https:\/\/www.beratungundschulung.com\/<\/a><\/p>\n\n\n\n<h2 class=\"wp-block-heading\"><strong>Umsatzsteuer-ID:<\/strong><\/h2>\n\n\n\n<p>USt-IdNr.: DE folgt nach Eintragung beim Finanzamt<br>Verantwortlich f\u00fcr den Inhalt nach \u00a7 55 Abs. 2 RStV:<br><br>Yudelka Maduro Castillo<br>Heckenstra\u00dfe 14a<br>86179 Augsburg<\/p>\n\n\n\n<h2 class=\"wp-block-heading\"><strong>Haftungsausschluss:<\/strong><\/h2>\n\n\n\n<p>Trotz sorgf\u00e4ltiger inhaltlicher Kontrolle \u00fcbernehmen wir keine Haftung f\u00fcr die Inhalte externer Links. F\u00fcr den Inhalt der verlinkten Seiten sind ausschlie\u00dflich deren Betreiber verantwortlich.<br><br>Die Inhalte dieser Webseite wurden mit gr\u00f6\u00dfter Sorgfalt erstellt. F\u00fcr die Richtigkeit, Vollst\u00e4ndigkeit und Aktualit\u00e4t der Inhalte k\u00f6nnen wir jedoch keine Gew\u00e4hr \u00fcbernehmen.<\/p>","protected":false},"excerpt":{"rendered":"<p>Angaben gem\u00e4\u00df \u00a7 5 TMG: BuS Beratung und SchulungDE456932503Inh. Yudelka Maduro CastilloHeckenstra\u00dfe 14a86179 Augsburg Kontakt: Telefon: +49 1512 2989283E-Mail: info@beratungundschulung.comWeb: https:\/\/www.beratungundschulung.com\/ Umsatzsteuer-ID: USt-IdNr.: DE folgt nach Eintragung beim FinanzamtVerantwortlich f\u00fcr den Inhalt nach \u00a7 55 Abs. 2 RStV: Yudelka Maduro CastilloHeckenstra\u00dfe 14a86179 Augsburg Haftungsausschluss: Trotz sorgf\u00e4ltiger inhaltlicher Kontrolle \u00fcbernehmen wir keine Haftung f\u00fcr die Inhalte [&hellip;]<\/p>\n","protected":false},"author":4,"featured_media":0,"parent":0,"menu_order":0,"comment_status":"closed","ping_status":"closed","template":"","meta":{"footnotes":""},"class_list":["post-9880","page","type-page","status-publish","hentry"],"blocksy_meta":[],"yoast_head":"<!-- This site is optimized with the Yoast SEO plugin v27.4 - https:\/\/yoast.com\/product\/yoast-seo-wordpress\/ -->\n<title>Impressum - BuS Beratung und Schulung<\/title>\n<meta name=\"robots\" content=\"index, follow, max-snippet:-1, max-image-preview:large, max-video-preview:-1\" \/>\n<link rel=\"canonical\" href=\"https:\/\/www.beratungundschulung.com\/en\/impressum\/\" \/>\n<meta property=\"og:locale\" content=\"en_GB\" \/>\n<meta property=\"og:type\" content=\"article\" \/>\n<meta property=\"og:title\" content=\"Impressum - BuS Beratung und Schulung\" \/>\n<meta property=\"og:description\" content=\"Angaben gem\u00e4\u00df \u00a7 5 TMG: BuS Beratung und SchulungDE456932503Inh. Yudelka Maduro CastilloHeckenstra\u00dfe 14a86179 Augsburg Kontakt: Telefon: +49 1512 2989283E-Mail: info@beratungundschulung.comWeb: https:\/\/www.beratungundschulung.com\/ Umsatzsteuer-ID: USt-IdNr.: DE folgt nach Eintragung beim FinanzamtVerantwortlich f\u00fcr den Inhalt nach \u00a7 55 Abs. 2 RStV: Yudelka Maduro CastilloHeckenstra\u00dfe 14a86179 Augsburg Haftungsausschluss: Trotz sorgf\u00e4ltiger inhaltlicher Kontrolle \u00fcbernehmen wir keine Haftung f\u00fcr die Inhalte [&hellip;]\" \/>\n<meta property=\"og:url\" content=\"https:\/\/www.beratungundschulung.com\/en\/impressum\/\" \/>\n<meta property=\"og:site_name\" content=\"BuS Beratung und Schulung\" \/>\n<meta property=\"article:modified_time\" content=\"2025-10-08T12:15:27+00:00\" \/>\n<meta name=\"twitter:card\" content=\"summary_large_image\" \/>\n<meta name=\"twitter:label1\" content=\"Estimated reading time\" \/>\n\t<meta name=\"twitter:data1\" content=\"1 minute\" \/>\n<script type=\"application\/ld+json\" class=\"yoast-schema-graph\">{\"@context\":\"https:\\\/\\\/schema.org\",\"@graph\":[{\"@type\":\"WebPage\",\"@id\":\"https:\\\/\\\/www.beratungundschulung.com\\\/impressum\\\/\",\"url\":\"https:\\\/\\\/www.beratungundschulung.com\\\/impressum\\\/\",\"name\":\"Impressum - BuS Beratung und Schulung\",\"isPartOf\":{\"@id\":\"https:\\\/\\\/www.beratungundschulung.com\\\/#website\"},\"datePublished\":\"2023-07-01T17:49:47+00:00\",\"dateModified\":\"2025-10-08T12:15:27+00:00\",\"breadcrumb\":{\"@id\":\"https:\\\/\\\/www.beratungundschulung.com\\\/impressum\\\/#breadcrumb\"},\"inLanguage\":\"en-GB\",\"potentialAction\":[{\"@type\":\"ReadAction\",\"target\":[\"https:\\\/\\\/www.beratungundschulung.com\\\/impressum\\\/\"]}]},{\"@type\":\"BreadcrumbList\",\"@id\":\"https:\\\/\\\/www.beratungundschulung.com\\\/impressum\\\/#breadcrumb\",\"itemListElement\":[{\"@type\":\"ListItem\",\"position\":1,\"name\":\"Startseite\",\"item\":\"https:\\\/\\\/www.beratungundschulung.com\\\/\"},{\"@type\":\"ListItem\",\"position\":2,\"name\":\"Impressum\"}]},{\"@type\":\"WebSite\",\"@id\":\"https:\\\/\\\/www.beratungundschulung.com\\\/#website\",\"url\":\"https:\\\/\\\/www.beratungundschulung.com\\\/\",\"name\":\"BuS Beratung und Schulung\",\"description\":\"\",\"publisher\":{\"@id\":\"https:\\\/\\\/www.beratungundschulung.com\\\/#organization\"},\"potentialAction\":[{\"@type\":\"SearchAction\",\"target\":{\"@type\":\"EntryPoint\",\"urlTemplate\":\"https:\\\/\\\/www.beratungundschulung.com\\\/?s={search_term_string}\"},\"query-input\":{\"@type\":\"PropertyValueSpecification\",\"valueRequired\":true,\"valueName\":\"search_term_string\"}}],\"inLanguage\":\"en-GB\"},{\"@type\":\"Organization\",\"@id\":\"https:\\\/\\\/www.beratungundschulung.com\\\/#organization\",\"name\":\"BuS Beratung und Schulung\",\"url\":\"https:\\\/\\\/www.beratungundschulung.com\\\/\",\"logo\":{\"@type\":\"ImageObject\",\"inLanguage\":\"en-GB\",\"@id\":\"https:\\\/\\\/www.beratungundschulung.com\\\/#\\\/schema\\\/logo\\\/image\\\/\",\"url\":\"https:\\\/\\\/www.beratungundschulung.com\\\/wp-content\\\/uploads\\\/2019\\\/03\\\/cropped-BUS-Logo-Vektor_001-web-1.png\",\"contentUrl\":\"https:\\\/\\\/www.beratungundschulung.com\\\/wp-content\\\/uploads\\\/2019\\\/03\\\/cropped-BUS-Logo-Vektor_001-web-1.png\",\"width\":600,\"height\":450,\"caption\":\"BuS Beratung und Schulung\"},\"image\":{\"@id\":\"https:\\\/\\\/www.beratungundschulung.com\\\/#\\\/schema\\\/logo\\\/image\\\/\"}}]}<\/script>\n<!-- \/ Yoast SEO plugin. -->","yoast_head_json":{"title":"Impressum - BuS Beratung und Schulung","robots":{"index":"index","follow":"follow","max-snippet":"max-snippet:-1","max-image-preview":"max-image-preview:large","max-video-preview":"max-video-preview:-1"},"canonical":"https:\/\/www.beratungundschulung.com\/en\/impressum\/","og_locale":"en_GB","og_type":"article","og_title":"Impressum - BuS Beratung und Schulung","og_description":"Angaben gem\u00e4\u00df \u00a7 5 TMG: BuS Beratung und SchulungDE456932503Inh. Yudelka Maduro CastilloHeckenstra\u00dfe 14a86179 Augsburg Kontakt: Telefon: +49 1512 2989283E-Mail: info@beratungundschulung.comWeb: https:\/\/www.beratungundschulung.com\/ Umsatzsteuer-ID: USt-IdNr.: DE folgt nach Eintragung beim FinanzamtVerantwortlich f\u00fcr den Inhalt nach \u00a7 55 Abs. 2 RStV: Yudelka Maduro CastilloHeckenstra\u00dfe 14a86179 Augsburg Haftungsausschluss: Trotz sorgf\u00e4ltiger inhaltlicher Kontrolle \u00fcbernehmen wir keine Haftung f\u00fcr die Inhalte [&hellip;]","og_url":"https:\/\/www.beratungundschulung.com\/en\/impressum\/","og_site_name":"BuS Beratung und Schulung","article_modified_time":"2025-10-08T12:15:27+00:00","twitter_card":"summary_large_image","twitter_misc":{"Estimated reading time":"1 minute"},"schema":{"@context":"https:\/\/schema.org","@graph":[{"@type":"WebPage","@id":"https:\/\/www.beratungundschulung.com\/impressum\/","url":"https:\/\/www.beratungundschulung.com\/impressum\/","name":"Impressum - BuS Beratung und Schulung","isPartOf":{"@id":"https:\/\/www.beratungundschulung.com\/#website"},"datePublished":"2023-07-01T17:49:47+00:00","dateModified":"2025-10-08T12:15:27+00:00","breadcrumb":{"@id":"https:\/\/www.beratungundschulung.com\/impressum\/#breadcrumb"},"inLanguage":"en-GB","potentialAction":[{"@type":"ReadAction","target":["https:\/\/www.beratungundschulung.com\/impressum\/"]}]},{"@type":"BreadcrumbList","@id":"https:\/\/www.beratungundschulung.com\/impressum\/#breadcrumb","itemListElement":[{"@type":"ListItem","position":1,"name":"Startseite","item":"https:\/\/www.beratungundschulung.com\/"},{"@type":"ListItem","position":2,"name":"Impressum"}]},{"@type":"WebSite","@id":"https:\/\/www.beratungundschulung.com\/#website","url":"https:\/\/www.beratungundschulung.com\/","name":"BuS Beratung und Schulung","description":"","publisher":{"@id":"https:\/\/www.beratungundschulung.com\/#organization"},"potentialAction":[{"@type":"SearchAction","target":{"@type":"EntryPoint","urlTemplate":"https:\/\/www.beratungundschulung.com\/?s={search_term_string}"},"query-input":{"@type":"PropertyValueSpecification","valueRequired":true,"valueName":"search_term_string"}}],"inLanguage":"en-GB"},{"@type":"Organization","@id":"https:\/\/www.beratungundschulung.com\/#organization","name":"BuS Beratung und Schulung","url":"https:\/\/www.beratungundschulung.com\/","logo":{"@type":"ImageObject","inLanguage":"en-GB","@id":"https:\/\/www.beratungundschulung.com\/#\/schema\/logo\/image\/","url":"https:\/\/www.beratungundschulung.com\/wp-content\/uploads\/2019\/03\/cropped-BUS-Logo-Vektor_001-web-1.png","contentUrl":"https:\/\/www.beratungundschulung.com\/wp-content\/uploads\/2019\/03\/cropped-BUS-Logo-Vektor_001-web-1.png","width":600,"height":450,"caption":"BuS Beratung und Schulung"},"image":{"@id":"https:\/\/www.beratungundschulung.com\/#\/schema\/logo\/image\/"}}]}},"brizy_media":[],"_links":{"self":[{"href":"https:\/\/www.beratungundschulung.com\/en\/wp-json\/wp\/v2\/pages\/9880","targetHints":{"allow":["GET"]}}],"collection":[{"href":"https:\/\/www.beratungundschulung.com\/en\/wp-json\/wp\/v2\/pages"}],"about":[{"href":"https:\/\/www.beratungundschulung.com\/en\/wp-json\/wp\/v2\/types\/page"}],"author":[{"embeddable":true,"href":"https:\/\/www.beratungundschulung.com\/en\/wp-json\/wp\/v2\/users\/4"}],"replies":[{"embeddable":true,"href":"https:\/\/www.beratungundschulung.com\/en\/wp-json\/wp\/v2\/comments?post=9880"}],"version-history":[{"count":6,"href":"https:\/\/www.beratungundschulung.com\/en\/wp-json\/wp\/v2\/pages\/9880\/revisions"}],"predecessor-version":[{"id":12456,"href":"https:\/\/www.beratungundschulung.com\/en\/wp-json\/wp\/v2\/pages\/9880\/revisions\/12456"}],"wp:attachment":[{"href":"https:\/\/www.beratungundschulung.com\/en\/wp-json\/wp\/v2\/media?parent=9880"}],"curies":[{"name":"wp","href":"https:\/\/api.w.org\/{rel}","templated":true}]}}